{"id":3580,"date":"2019-10-23T13:04:40","date_gmt":"2019-10-23T13:04:40","guid":{"rendered":"https:\/\/soos-translations.com\/birth-certificates\/"},"modified":"2021-02-03T12:54:44","modified_gmt":"2021-02-03T12:54:44","slug":"geburtsurkunden","status":"publish","type":"page","link":"https:\/\/soos-translations.com\/de\/geburtsurkunden\/","title":{"rendered":"Geburtsurkunden"},"content":{"rendered":"<div class=\"wpb-content-wrapper\"><p>[vc_section][vc_row full_width=&#8220;stretch_row_content_no_spaces&#8220;][vc_column]<div class=\"vlthemes_custom_69ea1fa56aeb8   vc_custom_1575620927732 vlt-page-title-hero vlt-page-title-hero--md vlt-page-title-hero--page jarallax\"><div class=\"vlt-page-title-hero__overlay\"><\/div><img decoding=\"async\" width=\"1920\" height=\"1080\" src=\"https:\/\/soos-translations.com\/wp-content\/uploads\/2019\/09\/ms-bg-13-1920x1080.jpg\" class=\"jarallax-img\" alt=\"\" srcset=\"https:\/\/soos-translations.com\/wp-content\/uploads\/2019\/09\/ms-bg-13-1920x1080.jpg 1920w, https:\/\/soos-translations.com\/wp-content\/uploads\/2019\/09\/ms-bg-13-1280x720.jpg 1280w\" loading=\"lazy\" \/><div class=\"vlt-page-title-hero__content\"><div class=\"container\"><div class=\"row\"><div class=\"col-md-8 offset-md-2\"><h1 class=\"vlt-page-title-hero__title\">Geburtsurkunden<\/h1><\/div><\/div><\/div><\/div><\/div>[\/vc_column][\/vc_row][\/vc_section][vc_row css=&#8220;.vc_custom_1573206342211{padding-top: 30px !important;padding-bottom: 20px !important;}&#8220;][vc_column width=&#8220;1\/4&#8243;][\/vc_column][vc_column width=&#8220;1\/2&#8243;][vc_single_image image=&#8220;3339&#8243; img_size=&#8220;full&#8220;][\/vc_column][vc_column width=&#8220;1\/4&#8243;][\/vc_column][\/vc_row][vc_row css=&#8220;.vc_custom_1611908296717{padding-bottom: 20px !important;}&#8220;][vc_column width=&#8220;1\/6&#8243;][\/vc_column][vc_column width=&#8220;2\/3&#8243;][vc_column_text]<\/p>\n<h3 style=\"text-align: center;\">Geburtsurkunde<br \/>\nBeglaubigte \u00dcbersetzung<\/h3>\n<p>Sie m\u00f6chten Ihre Geburtsurkunde in die deutsche Sprache \u00fcbersetzen lassen? Gerne \u00fcbernehme ich als \u00f6ffentlich bestellte und beeidigte Urkunden\u00fcbersetzerin die beglaubigte \u00dcbersetzung Ihrer Geburtsurkunde aus der englischen und spanischen in die deutsche Sprache. Der Ablauf ist f\u00fcr Sie ganz einfach:<\/p>\n<p>1. Senden Sie mir einen GUT LESBAREN *SCAN Ihrer Geburtsurkunde in hoher Aufl\u00f6sung als *PDF-Datei zu. Vergessen Sie dabei nicht die R\u00fcckseite! Alternativ geht auch ein gutes Foto im *JPG-Format.<\/p>\n<p>2. Der Preis f\u00fcr eine beglaubigte \u00dcbersetzung einer Geburtsurkunde variiert je nach Umfang, Formatierungsaufwand, Land und Version. Die am h\u00e4ufigsten angefragten L\u00e4nder mit Preis finden Sie in der Tabelle unten. Darin inbegriffen sind die \u00dcbersetzung, die Beglaubigung, 19 % MwSt. und die Portogeb\u00fchren f\u00fcr ein Einschreiben-Einwurf mit Sendungsverfolgungsnummer innerhalb Deutschlands. Sollte Ihr Land \/ Ihre Geburtsurkunde nicht aufgef\u00fchrt sein, senden Sie mir bitte Ihre Anfrage per E-Mail, so dass ich Ihnen vorab ein passendes Angebot erstellen kann.<\/p>\n<p>3. Bitte beachten Sie, dass Urkunden\u00fcbersetzungen f\u00fcr Privatkunden nur gegen Vorkasse angefertigt werden. Bezahlen k\u00f6nnen Sie per Bank\u00fcberweisung, PayPal und Transferwise.<\/p>\n<p>4. Nach Erhalt bzw. Nachweis Ihrer Zahlung beginne ich umgehend mit der \u00dcbersetzung Ihrer Geburtsurkunde. Im Normalfall ist die \u00dcbersetzung nach 2-3 Werktagen versandbereit. Beglaubigte \u00dcbersetzungen m\u00fcssen vom \u00dcbersetzer gestempelt und unterschrieben werden, daher erfolgt keine Lieferung per E-Mail sondern nur als Ausdruck.<\/p>\n<p>5. Nach der Fertigstellung erhalten Sie von mir eine R\u00fcckmeldung und ich versende die beglaubigte<br \/>\n\u00dcbersetzung Ihrer Geburtsurkunde per Einwurf-Einschreiben. Die Sendungsverfolgungsnummer \u00fcbermittle ich Ihnen ebenfalls, so haben Sie die Ankunft Ihrer \u00dcbersetzung stets im Blick.<\/p>\n<p>6. Bei Fragen jeglicher Art k\u00f6nnen Sie mich immer gerne per E-Mail unter<br \/>\nsoos-translations@email.de oder telefonisch unter der 0171 35 11 74 5 erreichen.<\/p>\n<p><strong>Wussten Sie schon?<\/strong> In Deutschland ben\u00f6tigen Sie eine Geburtsurkunde f\u00fcr verschiedene Zwecke. Bei Neugeborenen u. a. zur Beantragung eines Kinderreisepasses oder bei der Beantragung des Krankenversicherungsschutzes. Auch f\u00fcr die Beantragung von Mutterschafts- oder Elternschaftsgeld muss eine Geburtsurkunde in deutscher Sprache bei den Beh\u00f6rden vorgelegt werden. Bei Erwachsenen wird eine Geburtsurkunde am h\u00e4ufigsten f\u00fcr Eheschlie\u00dfungen ben\u00f6tigt.<\/p>\n<p><span style=\"font-size: 13px;\"><em>*Am Ende einer beglaubigten \u00dcbersetzung muss der \u00dcbersetzer vermerken, von welcher Vorlage er \u00fcbersetzt hat, also ob ein Scan, ein Original, eine Kopie etc. vorlag. Bitte fragen Sie bei Unsicherheiten diesbez\u00fcglich VOR DER AUFTRAGSERTEILUNG bei der Beh\u00f6rde nach, bei der Sie die \u00dcbersetzung vorlegen m\u00fcssen. Jedoch wird erfahrungsgem\u00e4\u00df in den wenigsten F\u00e4llen auf einer Vorlage im Original bestanden.<\/em><\/span>[\/vc_column_text][\/vc_column][vc_column width=&#8220;1\/6&#8243;][\/vc_column][\/vc_row][vc_row][vc_column][vc_raw_html]JTNDZGl2JTIwY2xhc3MlM0QlMjJwcmljZS10YWJsZSUyMiUzRSUwQSUzQ2RpdiUyMGNsYXNzJTNEJTIycHJpY2Utd3JhcCUyMiUzRSUwQSUzQ2RpdiUyMGNsYXNzJTNEJTIycHJpY2UtdHlwZSUyMiUzRVVya3VuZGVuYXJ0JTNDJTJGZGl2JTNFJTBBJTNDZGl2JTIwY2xhc3MlM0QlMjJwcmljZS1jb3VudHJ5JTIyJTNFTGFuZCUzQyUyRmRpdiUzRSUwQSUzQ2RpdiUyMGNsYXNzJTNEJTIycHJpY2UtdmVyc2lvbiUyMiUzRVZlcnNpb24lM0MlMkZkaXYlM0UlMEElM0NkaXYlMjBjbGFzcyUzRCUyMnByaWNlLXByaWNlJTIyJTNFUHJlaXMlMjBpbmtsLiUyMEJlZ2xhdWJpZ3VuZyUyQyUyMDE5JTI2bmJzcCUzQiUyNSUyME13U3QuJTIwdW5kJTIwJTIwRWluc2NocmVpYmVuLUVpbnd1cmYlMjBpbm5lcmhhbGIlMjBEZXV0c2NobGFuZHMlM0MlMkZkaXYlM0UlMEElM0NkaXYlMjBjbGFzcyUzRCUyMnByaWNlLXBhZ2VzJTIyJTNFU2VpdGVuYW56YWhsJTNDJTJGZGl2JTNFJTBBJTNDJTJGZGl2JTNFJTBBJTBBJTNDZGl2JTIwY2xhc3MlM0QlMjJwcmljZS13cmFwJTIyJTNFJTBBJTNDZGl2JTIwY2xhc3MlM0QlMjJwcmljZS10eXBlJTIyJTNFR2VidXJ0c3Vya3VuZGUlM0MlMkZkaXYlM0UlMEElM0NkaXYlMjBjbGFzcyUzRCUyMnByaWNlLWNvdW50cnklMjIlM0VVU0ElM0MlMkZkaXYlM0UlMEElM0NkaXYlMjBjbGFzcyUzRCUyMnByaWNlLXZlcnNpb24lMjIlM0VLdXJ6dmVyc2lvbiUzQyUyRmRpdiUzRSUwQSUzQ2RpdiUyMGNsYXNzJTNEJTIycHJpY2UtcHJpY2UlMjIlM0UlRTIlODIlQUMlMjA0NCUyQzk5JTNDJTJGZGl2JTNFJTBBJTNDZGl2JTIwY2xhc3MlM0QlMjJwcmljZS1wYWdlcyUyMiUzRTElM0MlMkZkaXYlM0UlMEElM0MlMkZkaXYlM0UlMEElMEElM0NkaXYlMjBjbGFzcyUzRCUyMnByaWNlLXdyYXAlMjIlM0UlMEElM0NkaXYlMjBjbGFzcyUzRCUyMnByaWNlLXR5cGUlMjIlM0VHZWJ1cnRzdXJrdW5kZSUzQyUyRmRpdiUzRSUwQSUzQ2RpdiUyMGNsYXNzJTNEJTIycHJpY2UtY291bnRyeSUyMiUzRVVTQSUzQyUyRmRpdiUzRSUwQSUzQ2RpdiUyMGNsYXNzJTNEJTIycHJpY2UtdmVyc2lvbiUyMiUzRURldGFpbGxpZXJ0ZSUyMFZlcnNpb24lMjBpbiUyMFRhYmVsbGVuZm9ybSUzQyUyRmRpdiUzRSUwQSUzQ2RpdiUyMGNsYXNzJTNEJTIycHJpY2UtcHJpY2UlMjIlM0UlRTIlODIlQUMlMjA2NSUyQzQ1JTNDJTJGZGl2JTNFJTBBJTNDZGl2JTIwY2xhc3MlM0QlMjJwcmljZS1wYWdlcyUyMiUzRTElM0MlMkZkaXYlM0UlMEElM0MlMkZkaXYlM0UlMEElMEElM0NkaXYlMjBjbGFzcyUzRCUyMnByaWNlLXdyYXAlMjIlM0UlMEElM0NkaXYlMjBjbGFzcyUzRCUyMnByaWNlLXR5cGUlMjIlM0VHZWJ1cnRzdXJrdW5kZSUzQyUyRmRpdiUzRSUwQSUzQ2RpdiUyMGNsYXNzJTNEJTIycHJpY2UtY291bnRyeSUyMiUzRUdybyVDMyU5RmJyaXRhbm5pZW4lM0MlMkZkaXYlM0UlMEElM0NkaXYlMjBjbGFzcyUzRCUyMnByaWNlLXZlcnNpb24lMjIlM0VBbGxlJTIwVmVyc2lvbmVuJTNDJTJGZGl2JTNFJTBBJTNDZGl2JTIwY2xhc3MlM0QlMjJwcmljZS1wcmljZSUyMiUzRSVFMiU4MiVBQyUyMDQ0JTJDOTklM0MlMkZkaXYlM0UlMEElM0NkaXYlMjBjbGFzcyUzRCUyMnByaWNlLXBhZ2VzJTIyJTNFMSUzQyUyRmRpdiUzRSUwQSUzQyUyRmRpdiUzRSUwQSUwQSUzQ2RpdiUyMGNsYXNzJTNEJTIycHJpY2Utd3JhcCUyMiUzRSUwQSUzQ2RpdiUyMGNsYXNzJTNEJTIycHJpY2UtdHlwZSUyMiUzRUdlYnVydHN1cmt1bmRlJTNDJTJGZGl2JTNFJTBBJTNDZGl2JTIwY2xhc3MlM0QlMjJwcmljZS1jb3VudHJ5JTIyJTNFSW5kaWVuJTNDJTJGZGl2JTNFJTBBJTNDZGl2JTIwY2xhc3MlM0QlMjJwcmljZS12ZXJzaW9uJTIyJTNFU3RhbmRhcmRmb3JtdWxhciUzQyUyRmRpdiUzRSUwQSUzQ2RpdiUyMGNsYXNzJTNEJTIycHJpY2UtcHJpY2UlMjIlM0UlRTIlODIlQUMlMjA1MCUyQzAwJTNDJTJGZGl2JTNFJTBBJTNDZGl2JTIwY2xhc3MlM0QlMjJwcmljZS1wYWdlcyUyMiUzRTElM0MlMkZkaXYlM0UlMEElM0MlMkZkaXYlM0UlMEElMEElM0NkaXYlMjBjbGFzcyUzRCUyMnByaWNlLXdyYXAlMjIlM0UlMEElM0NkaXYlMjBjbGFzcyUzRCUyMnByaWNlLXR5cGUlMjIlM0VHZWJ1cnRzdXJrdW5kZSUzQyUyRmRpdiUzRSUwQSUzQ2RpdiUyMGNsYXNzJTNEJTIycHJpY2UtY291bnRyeSUyMiUzRUtlbmlhJTNDJTJGZGl2JTNFJTBBJTNDZGl2JTIwY2xhc3MlM0QlMjJwcmljZS12ZXJzaW9uJTIyJTNFVmllcmVja2lnZSUyMFN0YW5kYXJkdXJrdW5kZSUzQyUyRmRpdiUzRSUwQSUzQ2RpdiUyMGNsYXNzJTNEJTIycHJpY2UtcHJpY2UlMjIlM0UlRTIlODIlQUMlMjA0MCUyQzAwJTNDJTJGZGl2JTNFJTBBJTNDZGl2JTIwY2xhc3MlM0QlMjJwcmljZS1wYWdlcyUyMiUzRTElM0MlMkZkaXYlM0UlMEElM0MlMkZkaXYlM0UlMEElMEElM0NkaXYlMjBjbGFzcyUzRCUyMnByaWNlLXdyYXAlMjIlM0UlMEElM0NkaXYlMjBjbGFzcyUzRCUyMnByaWNlLXR5cGUlMjIlM0VHZWJ1cnRzdXJrdW5kZSUzQyUyRmRpdiUzRSUwQSUzQ2RpdiUyMGNsYXNzJTNEJTIycHJpY2UtY291bnRyeSUyMiUzRUdoYW5hJTNDJTJGZGl2JTNFJTBBJTNDZGl2JTIwY2xhc3MlM0QlMjJwcmljZS12ZXJzaW9uJTIyJTNFU3RhbmRhcmRmb3JtdWxhciUzQyUyRmRpdiUzRSUwQSUzQ2RpdiUyMGNsYXNzJTNEJTIycHJpY2UtcHJpY2UlMjIlM0UlRTIlODIlQUMlMjA0NCUyQzk5JTNDJTJGZGl2JTNFJTBBJTNDZGl2JTIwY2xhc3MlM0QlMjJwcmljZS1wYWdlcyUyMiUzRTElM0MlMkZkaXYlM0UlMEElM0MlMkZkaXYlM0UlMEElMEElM0NkaXYlMjBjbGFzcyUzRCUyMnByaWNlLXdyYXAlMjIlM0UlMEElM0NkaXYlMjBjbGFzcyUzRCUyMnByaWNlLXR5cGUlMjIlM0VHZWJ1cnRzdXJrdW5kZSUzQyUyRmRpdiUzRSUwQSUzQ2RpdiUyMGNsYXNzJTNEJTIycHJpY2UtY291bnRyeSUyMiUzRVBha2lzdGFuJTNDJTJGZGl2JTNFJTBBJTNDZGl2JTIwY2xhc3MlM0QlMjJwcmljZS12ZXJzaW9uJTIyJTNFU3RhbmRhcmRmb3JtdWxhciUzQyUyRmRpdiUzRSUwQSUzQ2RpdiUyMGNsYXNzJTNEJTIycHJpY2UtcHJpY2UlMjIlM0UlRTIlODIlQUMlMjA0NCUyQzk5JTNDJTJGZGl2JTNFJTBBJTNDZGl2JTIwY2xhc3MlM0QlMjJwcmljZS1wYWdlcyUyMiUzRTElM0MlMkZkaXYlM0UlMEElM0MlMkZkaXYlM0UlMEElMEElM0NkaXYlMjBjbGFzcyUzRCUyMnByaWNlLXdyYXAlMjIlM0UlMEElM0NkaXYlMjBjbGFzcyUzRCUyMnByaWNlLXR5cGUlMjIlM0VHZWJ1cnRzdXJrdW5kZSUzQyUyRmRpdiUzRSUwQSUzQ2RpdiUyMGNsYXNzJTNEJTIycHJpY2UtY291bnRyeSUyMiUzRU1leGlrbyUzQyUyRmRpdiUzRSUwQSUzQ2RpdiUyMGNsYXNzJTNEJTIycHJpY2UtdmVyc2lvbiUyMiUzRVN0YW5kYXJkZm9ybXVsYXIlM0MlMkZkaXYlM0UlMEElM0NkaXYlMjBjbGFzcyUzRCUyMnByaWNlLXByaWNlJTIyJTNFJUUyJTgyJUFDJTIwNTUlMkMwMCUzQyUyRmRpdiUzRSUwQSUzQ2RpdiUyMGNsYXNzJTNEJTIycHJpY2UtcGFnZXMlMjIlM0UxJTNDJTJGZGl2JTNFJTBBJTNDJTJGZGl2JTNFJTBBJTBBJTNDZGl2JTIwY2xhc3MlM0QlMjJwcmljZS13cmFwJTIyJTNFJTBBJTNDZGl2JTIwY2xhc3MlM0QlMjJwcmljZS10eXBlJTIyJTNFR2VidXJ0c3Vya3VuZGUlM0MlMkZkaXYlM0UlMEElM0NkaXYlMjBjbGFzcyUzRCUyMnByaWNlLWNvdW50cnklMjIlM0VQaGlsaXBwaW5lbiUzQyUyRmRpdiUzRSUwQSUzQ2RpdiUyMGNsYXNzJTNEJTIycHJpY2UtdmVyc2lvbiUyMiUzRVN0YW5kYXJkJTIwVGFiZWxsZW5mb3JtJTIwJTI4bGFuZ2UlMjBWZXJzaW9uJTI5JTNDJTJGZGl2JTNFJTBBJTNDZGl2JTIwY2xhc3MlM0QlMjJwcmljZS1wcmljZSUyMiUzRSVFMiU4MiVBQyUyMDgwJTJDMDAlM0MlMkZkaXYlM0UlMEElM0NkaXYlMjBjbGFzcyUzRCUyMnByaWNlLXBhZ2VzJTIyJTNFMSUzQyUyRmRpdiUzRSUwQSUzQyUyRmRpdiUzRSUwQSUwQSUzQ2RpdiUyMGNsYXNzJTNEJTIycHJpY2Utd3JhcCUyMiUzRSUwQSUzQ2RpdiUyMGNsYXNzJTNEJTIycHJpY2UtdHlwZSUyMiUzRUdlYnVydHN1cmt1bmRlJTNDJTJGZGl2JTNFJTBBJTNDZGl2JTIwY2xhc3MlM0QlMjJwcmljZS1jb3VudHJ5JTIyJTNFSXJsYW5kJTNDJTJGZGl2JTNFJTBBJTNDZGl2JTIwY2xhc3MlM0QlMjJwcmljZS12ZXJzaW9uJTIyJTNFU3RhbmRhcmRmb3JtdWxhciUzQyUyRmRpdiUzRSUwQSUzQ2RpdiUyMGNsYXNzJTNEJTIycHJpY2UtcHJpY2UlMjIlM0UlRTIlODIlQUMlMjA1MCUyQzAwJTNDJTJGZGl2JTNFJTBBJTNDZGl2JTIwY2xhc3MlM0QlMjJwcmljZS1wYWdlcyUyMiUzRTElM0MlMkZkaXYlM0UlMEElM0MlMkZkaXYlM0UlMEElMEElM0NkaXYlMjBjbGFzcyUzRCUyMnByaWNlLXdyYXAlMjIlM0UlMEElM0NkaXYlMjBjbGFzcyUzRCUyMnByaWNlLXR5cGUlMjIlM0VHZWJ1cnRzdXJrdW5kZSUzQyUyRmRpdiUzRSUwQSUzQ2RpdiUyMGNsYXNzJTNEJTIycHJpY2UtY291bnRyeSUyMiUzRUdhbWJpYSUzQyUyRmRpdiUzRSUwQSUzQ2RpdiUyMGNsYXNzJTNEJTIycHJpY2UtdmVyc2lvbiUyMiUzRVN0YW5kYXJkZm9ybXVsYXIlM0MlMkZkaXYlM0UlMEElM0NkaXYlMjBjbGFzcyUzRCUyMnByaWNlLXByaWNlJTIyJTNFJUUyJTgyJUFDJTIwMzUlMkMwMCUzQyUyRmRpdiUzRSUwQSUzQ2RpdiUyMGNsYXNzJTNEJTIycHJpY2UtcGFnZXMlMjIlM0UxJTNDJTJGZGl2JTNFJTBBJTNDJTJGZGl2JTNFJTBBJTBBJTNDZGl2JTIwY2xhc3MlM0QlMjJwcmljZS13cmFwJTIyJTNFJTBBJTNDZGl2JTIwY2xhc3MlM0QlMjJwcmljZS10eXBlJTIyJTNFR2VidXJ0c3Vya3VuZGUlM0MlMkZkaXYlM0UlMEElM0NkaXYlMjBjbGFzcyUzRCUyMnByaWNlLWNvdW50cnklMjIlM0VTJUMzJUJDZGFmcmlrYSUzQyUyRmRpdiUzRSUwQSUzQ2RpdiUyMGNsYXNzJTNEJTIycHJpY2UtdmVyc2lvbiUyMiUzRVN0YW5kYXJkZm9ybXVsYXIlM0MlMkZkaXYlM0UlMEElM0NkaXYlMjBjbGFzcyUzRCUyMnByaWNlLXByaWNlJTIyJTNFJUUyJTgyJUFDJTIwNTAlMkMwMCUzQyUyRmRpdiUzRSUwQSUzQ2RpdiUyMGNsYXNzJTNEJTIycHJpY2UtcGFnZXMlMjIlM0UxJTNDJTJGZGl2JTNFJTBBJTNDJTJGZGl2JTNFJTBBJTBBJTBBJTNDZGl2JTIwY2xhc3MlM0QlMjJwcmljZS13cmFwJTIyJTNFJTBBJTNDZGl2JTIwY2xhc3MlM0QlMjJwcmljZS10eXBlJTIyJTNFR2VidXJ0c3Vya3VuZGUlM0MlMkZkaXYlM0UlMEElM0NkaXYlMjBjbGFzcyUzRCUyMnByaWNlLWNvdW50cnklMjIlM0VOaWdlcmlhJTNDJTJGZGl2JTNFJTBBJTNDZGl2JTIwY2xhc3MlM0QlMjJwcmljZS12ZXJzaW9uJTIyJTNFU3RhbmRhcmRmb3JtdWxhciUzQyUyRmRpdiUzRSUwQSUzQ2RpdiUyMGNsYXNzJTNEJTIycHJpY2UtcHJpY2UlMjIlM0UlRTIlODIlQUMlMjA0NCUyQzk5JTNDJTJGZGl2JTNFJTBBJTNDZGl2JTIwY2xhc3MlM0QlMjJwcmljZS1wYWdlcyUyMiUzRTElM0MlMkZkaXYlM0UlMEElM0MlMkZkaXYlM0UlMEElMEElMEElM0NkaXYlMjBjbGFzcyUzRCUyMnByaWNlLXdyYXAlMjIlM0UlMEElM0NkaXYlMjBjbGFzcyUzRCUyMnByaWNlLXR5cGUlMjIlM0VHZWJ1cnRzdXJrdW5kZSUzQyUyRmRpdiUzRSUwQSUzQ2RpdiUyMGNsYXNzJTNEJTIycHJpY2UtY291bnRyeSUyMiUzRUthbmFkYSUzQyUyRmRpdiUzRSUwQSUzQ2RpdiUyMGNsYXNzJTNEJTIycHJpY2UtdmVyc2lvbiUyMiUzRVN0YW5kYXJkZm9ybXVsYXIlM0MlMkZkaXYlM0UlMEElM0NkaXYlMjBjbGFzcyUzRCUyMnByaWNlLXByaWNlJTIyJTNFJUUyJTgyJUFDJTIwNTAlMkMwMCUzQyUyRmRpdiUzRSUwQSUzQ2RpdiUyMGNsYXNzJTNEJTIycHJpY2UtcGFnZXMlMjIlM0UxJTNDJTJGZGl2JTNFJTBBJTNDJTJGZGl2JTNFJTBBJTBBJTNDJTJGZGl2JTNF[\/vc_raw_html][vc_empty_space][vc_column_text]Bitte beachten Sie:<\/p>\n<ul>\n<li>Apostillen werden f\u00fcr alle Urkunden zus\u00e4tzlich zu einem Preis von \u20ac 14,99 inkl. 19 % MwSt. berechnet.<\/li>\n<li>Falls Ihre gew\u00fcnschte Urkunde l\u00e4nger als eine Seite ist, fragen Sie bitte nach einem individuellen Angebot.<\/li>\n<\/ul>\n<p>[\/vc_column_text][\/vc_column][\/vc_row][vc_row css=&#8220;.vc_custom_1573206412346{padding-top: 40px !important;}&#8220;][vc_column width=&#8220;1\/3&#8243; css=&#8220;.vc_custom_1573206443404{padding-bottom: 10px !important;}&#8220;][vc_single_image image=&#8220;3349&#8243; img_size=&#8220;full&#8220; alignment=&#8220;center&#8220;][vc_column_text]<\/p>\n<p style=\"text-align: center; font-size: 14px; margin-top: -10px;\">Geburtsurkunde USA Kurzversion<\/p>\n<p>[\/vc_column_text][\/vc_column][vc_column width=&#8220;1\/3&#8243; css=&#8220;.vc_custom_1573206428901{padding-top: 10px !important;padding-bottom: 10px !important;}&#8220;][vc_single_image image=&#8220;3348&#8243; img_size=&#8220;full&#8220; alignment=&#8220;center&#8220;][vc_column_text]<\/p>\n<p style=\"text-align: center; font-size: 14px; margin-top: -10px;\">Geburtsurkunde Philippinen<\/p>\n<p>[\/vc_column_text][\/vc_column][vc_column width=&#8220;1\/3&#8243; css=&#8220;.vc_custom_1573206436282{padding-top: 10px !important;padding-bottom: 10px !important;}&#8220;][vc_single_image image=&#8220;3347&#8243; img_size=&#8220;full&#8220; alignment=&#8220;center&#8220;][vc_column_text]<\/p>\n<p style=\"text-align: center; font-size: 14px; margin-top: -10px;\">Geburtsurkunde Pakistan<\/p>\n<p>[\/vc_column_text][\/vc_column][\/vc_row][vc_row content_placement=&#8220;bottom&#8220;][vc_column width=&#8220;1\/3&#8243; css=&#8220;.vc_custom_1573206449042{padding-top: 10px !important;padding-bottom: 10px !important;}&#8220;][vc_single_image image=&#8220;3346&#8243; img_size=&#8220;full&#8220; alignment=&#8220;center&#8220;][vc_column_text]<\/p>\n<p style=\"text-align: center; font-size: 14px; margin-top: -10px;\">Geburtsurkunde Nigeria<\/p>\n<p>[\/vc_column_text][\/vc_column][vc_column width=&#8220;1\/3&#8243; css=&#8220;.vc_custom_1573206453954{padding-top: 10px !important;padding-bottom: 10px !important;}&#8220;][vc_single_image image=&#8220;3345&#8243; img_size=&#8220;full&#8220; alignment=&#8220;center&#8220;][vc_column_text]<\/p>\n<p style=\"text-align: center; font-size: 14px; margin-top: -10px;\">Geburtsurkunde Mexiko<\/p>\n<p>[\/vc_column_text][\/vc_column][vc_column width=&#8220;1\/3&#8243; css=&#8220;.vc_custom_1573206459506{padding-top: 10px !important;padding-bottom: 10px !important;}&#8220;][vc_single_image image=&#8220;3344&#8243; img_size=&#8220;full&#8220; alignment=&#8220;center&#8220;][vc_column_text]<\/p>\n<p style=\"text-align: center; font-size: 14px; margin-top: -10px;\">Geburtsurkunde Kenia<\/p>\n<p>[\/vc_column_text][\/vc_column][\/vc_row][vc_row][vc_column width=&#8220;1\/3&#8243; css=&#8220;.vc_custom_1573206449042{padding-top: 10px !important;padding-bottom: 10px !important;}&#8220;][vc_single_image image=&#8220;3343&#8243; img_size=&#8220;full&#8220; alignment=&#8220;center&#8220;][vc_column_text]<\/p>\n<p style=\"text-align: center; font-size: 14px; margin-top: -10px;\">Geburtsurkunde Irland<\/p>\n<p>[\/vc_column_text][\/vc_column][vc_column width=&#8220;1\/3&#8243; css=&#8220;.vc_custom_1573206453954{padding-top: 10px !important;padding-bottom: 10px !important;}&#8220;][vc_single_image image=&#8220;3342&#8243; img_size=&#8220;full&#8220; alignment=&#8220;center&#8220;][vc_column_text]<\/p>\n<p style=\"text-align: center; font-size: 14px; margin-top: -10px;\">Geburtsurkunde Indien<\/p>\n<p>[\/vc_column_text][\/vc_column][vc_column width=&#8220;1\/3&#8243; css=&#8220;.vc_custom_1573206459506{padding-top: 10px !important;padding-bottom: 10px !important;}&#8220;][vc_single_image image=&#8220;3341&#8243; img_size=&#8220;full&#8220; alignment=&#8220;center&#8220;][vc_column_text]<\/p>\n<p style=\"text-align: center; font-size: 14px; margin-top: -10px;\">Geburtsurkunde Ghana<\/p>\n<p>[\/vc_column_text][\/vc_column][\/vc_row][vc_row css=&#8220;.vc_custom_1573206581537{padding-bottom: 50px !important;}&#8220;][vc_column width=&#8220;1\/3&#8243; css=&#8220;.vc_custom_1573206449042{padding-top: 10px !important;padding-bottom: 10px !important;}&#8220;][\/vc_column][vc_column width=&#8220;1\/3&#8243; css=&#8220;.vc_custom_1573206453954{padding-top: 10px !important;padding-bottom: 10px !important;}&#8220;][vc_single_image image=&#8220;3340&#8243; img_size=&#8220;full&#8220; alignment=&#8220;center&#8220;][vc_column_text]<\/p>\n<p style=\"text-align: center; font-size: 14px; margin-top: -10px;\">Geburtsurkunde Gambia<\/p>\n<p>[\/vc_column_text][\/vc_column][vc_column width=&#8220;1\/3&#8243; css=&#8220;.vc_custom_1573206459506{padding-top: 10px !important;padding-bottom: 10px !important;}&#8220;][\/vc_column][\/vc_row][vc_row content_placement=&#8220;middle&#8220; css=&#8220;.vc_custom_1571834212913{padding-bottom: 50px !important;}&#8220; el_class=&#8220;div-center&#8220;][vc_column]<a href=\"https:\/\/soos-translations.com\/de\/urkundenbeispiele-und-preise\/\" title=\"Urkundenbeispiele und Preise\" class=\"vlthemes_custom_69ea1fa56b8a7   vlt-btn vlt-btn--primary vlt-btn--md vlt-btn--effect\"><span>Urkundenbeispiele und Preise<\/span><\/a>[\/vc_column][\/vc_row]<\/p>\n<\/div>","protected":false},"excerpt":{"rendered":"<p>[vc_section][vc_row full_width=&#8220;stretch_row_content_no_spaces&#8220;][vc_column][\/vc_column][\/vc_row][\/vc_section][vc_row css=&#8220;.vc_custom_1573206342211{padding-top: 30px !important;padding-bottom: 20px !important;}&#8220;][vc_column width=&#8220;1\/4&#8243;][\/vc_column][vc_column width=&#8220;1\/2&#8243;][vc_single_image image=&#8220;3339&#8243; img_size=&#8220;full&#8220;][\/vc_column][vc_column width=&#8220;1\/4&#8243;][\/vc_column][\/vc_row][vc_row css=&#8220;.vc_custom_1611908296717{padding-bottom: 20px !important;}&#8220;][vc_column width=&#8220;1\/6&#8243;][\/vc_column][vc_column width=&#8220;2\/3&#8243;][vc_column_text] Geburtsurkunde Beglaubigte \u00dcbersetzung Sie m\u00f6chten Ihre Geburtsurkunde in die deutsche Sprache \u00fcbersetzen lassen? Gerne \u00fcbernehme ich als \u00f6ffentlich bestellte und beeidigte Urkunden\u00fcbersetzerin die beglaubigte \u00dcbersetzung Ihrer Geburtsurkunde aus der englischen und spanischen in die deutsche Sprache. Der Ablauf [&hellip;]<\/p>\n","protected":false},"author":1,"featured_media":0,"parent":0,"menu_order":34,"comment_status":"closed","ping_status":"closed","template":"template-custom-page.php","meta":{"_acf_changed":false,"_vp_format_video_url":"","_vp_image_focal_point":[],"footnotes":""},"class_list":["post-3580","page","type-page","status-publish","hentry"],"acf":[],"yoast_head":"<!-- This site is optimized with the Yoast SEO plugin v25.9 - https:\/\/yoast.com\/wordpress\/plugins\/seo\/ -->\n<title>Beglaubigte \u00dcbersetzung von Geburtsurkunden \u2013 Englisch -&gt; Deutsch und Spanisch -&gt; Deutsch<\/title>\n<meta name=\"description\" content=\"Hier finden Sie die Preise f\u00fcr beglaubigte \u00dcbersetzungen von Geburtsurkunden mit der Sprachkombination Englisch -&gt; Deutsch und Spanisch -&gt; Deutsch. Beauftragen Sie Ihre \u00dcbersetzung noch heute!\" \/>\n<meta name=\"robots\" content=\"index, follow, max-snippet:-1, max-image-preview:large, max-video-preview:-1\" \/>\n<link rel=\"canonical\" href=\"https:\/\/soos-translations.com\/de\/geburtsurkunden\/\" \/>\n<meta property=\"og:locale\" content=\"de_DE\" \/>\n<meta property=\"og:type\" content=\"article\" \/>\n<meta property=\"og:title\" content=\"Beglaubigte \u00dcbersetzung von Geburtsurkunden \u2013 Englisch -&gt; Deutsch und Spanisch -&gt; Deutsch\" \/>\n<meta property=\"og:description\" content=\"Hier finden Sie die Preise f\u00fcr beglaubigte \u00dcbersetzungen von Geburtsurkunden mit der Sprachkombination Englisch -&gt; Deutsch und Spanisch -&gt; Deutsch. Beauftragen Sie Ihre \u00dcbersetzung noch heute!\" \/>\n<meta property=\"og:url\" content=\"https:\/\/soos-translations.com\/de\/geburtsurkunden\/\" \/>\n<meta property=\"og:site_name\" content=\"Michaela Soos-Kalogeropoulos\" \/>\n<meta property=\"article:modified_time\" content=\"2021-02-03T12:54:44+00:00\" \/>\n<meta name=\"twitter:card\" content=\"summary_large_image\" \/>\n<meta name=\"twitter:label1\" content=\"Gesch\u00e4tzte Lesezeit\" \/>\n\t<meta name=\"twitter:data1\" content=\"8\u00a0Minuten\" \/>\n<script type=\"application\/ld+json\" class=\"yoast-schema-graph\">{\"@context\":\"https:\/\/schema.org\",\"@graph\":[{\"@type\":\"WebPage\",\"@id\":\"https:\/\/soos-translations.com\/de\/geburtsurkunden\/\",\"url\":\"https:\/\/soos-translations.com\/de\/geburtsurkunden\/\",\"name\":\"Beglaubigte \u00dcbersetzung von Geburtsurkunden \u2013 Englisch -> Deutsch und Spanisch -> Deutsch\",\"isPartOf\":{\"@id\":\"https:\/\/soos-translations.com\/de\/#website\"},\"datePublished\":\"2019-10-23T13:04:40+00:00\",\"dateModified\":\"2021-02-03T12:54:44+00:00\",\"description\":\"Hier finden Sie die Preise f\u00fcr beglaubigte \u00dcbersetzungen von Geburtsurkunden mit der Sprachkombination Englisch -> Deutsch und Spanisch -> Deutsch. Beauftragen Sie Ihre \u00dcbersetzung noch heute!\",\"breadcrumb\":{\"@id\":\"https:\/\/soos-translations.com\/de\/geburtsurkunden\/#breadcrumb\"},\"inLanguage\":\"de\",\"potentialAction\":[{\"@type\":\"ReadAction\",\"target\":[\"https:\/\/soos-translations.com\/de\/geburtsurkunden\/\"]}]},{\"@type\":\"BreadcrumbList\",\"@id\":\"https:\/\/soos-translations.com\/de\/geburtsurkunden\/#breadcrumb\",\"itemListElement\":[{\"@type\":\"ListItem\",\"position\":1,\"name\":\"Home\",\"item\":\"https:\/\/soos-translations.com\/de\/beglaubigte-uebersetzungen-stuttgart\/\"},{\"@type\":\"ListItem\",\"position\":2,\"name\":\"Geburtsurkunden\"}]},{\"@type\":\"WebSite\",\"@id\":\"https:\/\/soos-translations.com\/de\/#website\",\"url\":\"https:\/\/soos-translations.com\/de\/\",\"name\":\"Michaela Soos-Kalogeropoulos\",\"description\":\"Professional, sworn translations for all your legal needs\",\"potentialAction\":[{\"@type\":\"SearchAction\",\"target\":{\"@type\":\"EntryPoint\",\"urlTemplate\":\"https:\/\/soos-translations.com\/de\/?s={search_term_string}\"},\"query-input\":{\"@type\":\"PropertyValueSpecification\",\"valueRequired\":true,\"valueName\":\"search_term_string\"}}],\"inLanguage\":\"de\"}]}<\/script>\n<!-- \/ Yoast SEO plugin. -->","yoast_head_json":{"title":"Beglaubigte \u00dcbersetzung von Geburtsurkunden \u2013 Englisch -> Deutsch und Spanisch -> Deutsch","description":"Hier finden Sie die Preise f\u00fcr beglaubigte \u00dcbersetzungen von Geburtsurkunden mit der Sprachkombination Englisch -> Deutsch und Spanisch -> Deutsch. Beauftragen Sie Ihre \u00dcbersetzung noch heute!","robots":{"index":"index","follow":"follow","max-snippet":"max-snippet:-1","max-image-preview":"max-image-preview:large","max-video-preview":"max-video-preview:-1"},"canonical":"https:\/\/soos-translations.com\/de\/geburtsurkunden\/","og_locale":"de_DE","og_type":"article","og_title":"Beglaubigte \u00dcbersetzung von Geburtsurkunden \u2013 Englisch -> Deutsch und Spanisch -> Deutsch","og_description":"Hier finden Sie die Preise f\u00fcr beglaubigte \u00dcbersetzungen von Geburtsurkunden mit der Sprachkombination Englisch -> Deutsch und Spanisch -> Deutsch. Beauftragen Sie Ihre \u00dcbersetzung noch heute!","og_url":"https:\/\/soos-translations.com\/de\/geburtsurkunden\/","og_site_name":"Michaela Soos-Kalogeropoulos","article_modified_time":"2021-02-03T12:54:44+00:00","twitter_card":"summary_large_image","twitter_misc":{"Gesch\u00e4tzte Lesezeit":"8\u00a0Minuten"},"schema":{"@context":"https:\/\/schema.org","@graph":[{"@type":"WebPage","@id":"https:\/\/soos-translations.com\/de\/geburtsurkunden\/","url":"https:\/\/soos-translations.com\/de\/geburtsurkunden\/","name":"Beglaubigte \u00dcbersetzung von Geburtsurkunden \u2013 Englisch -> Deutsch und Spanisch -> Deutsch","isPartOf":{"@id":"https:\/\/soos-translations.com\/de\/#website"},"datePublished":"2019-10-23T13:04:40+00:00","dateModified":"2021-02-03T12:54:44+00:00","description":"Hier finden Sie die Preise f\u00fcr beglaubigte \u00dcbersetzungen von Geburtsurkunden mit der Sprachkombination Englisch -> Deutsch und Spanisch -> Deutsch. Beauftragen Sie Ihre \u00dcbersetzung noch heute!","breadcrumb":{"@id":"https:\/\/soos-translations.com\/de\/geburtsurkunden\/#breadcrumb"},"inLanguage":"de","potentialAction":[{"@type":"ReadAction","target":["https:\/\/soos-translations.com\/de\/geburtsurkunden\/"]}]},{"@type":"BreadcrumbList","@id":"https:\/\/soos-translations.com\/de\/geburtsurkunden\/#breadcrumb","itemListElement":[{"@type":"ListItem","position":1,"name":"Home","item":"https:\/\/soos-translations.com\/de\/beglaubigte-uebersetzungen-stuttgart\/"},{"@type":"ListItem","position":2,"name":"Geburtsurkunden"}]},{"@type":"WebSite","@id":"https:\/\/soos-translations.com\/de\/#website","url":"https:\/\/soos-translations.com\/de\/","name":"Michaela Soos-Kalogeropoulos","description":"Professional, sworn translations for all your legal needs","potentialAction":[{"@type":"SearchAction","target":{"@type":"EntryPoint","urlTemplate":"https:\/\/soos-translations.com\/de\/?s={search_term_string}"},"query-input":{"@type":"PropertyValueSpecification","valueRequired":true,"valueName":"search_term_string"}}],"inLanguage":"de"}]}},"_links":{"self":[{"href":"https:\/\/soos-translations.com\/de\/wp-json\/wp\/v2\/pages\/3580","targetHints":{"allow":["GET"]}}],"collection":[{"href":"https:\/\/soos-translations.com\/de\/wp-json\/wp\/v2\/pages"}],"about":[{"href":"https:\/\/soos-translations.com\/de\/wp-json\/wp\/v2\/types\/page"}],"author":[{"embeddable":true,"href":"https:\/\/soos-translations.com\/de\/wp-json\/wp\/v2\/users\/1"}],"replies":[{"embeddable":true,"href":"https:\/\/soos-translations.com\/de\/wp-json\/wp\/v2\/comments?post=3580"}],"version-history":[{"count":16,"href":"https:\/\/soos-translations.com\/de\/wp-json\/wp\/v2\/pages\/3580\/revisions"}],"predecessor-version":[{"id":4033,"href":"https:\/\/soos-translations.com\/de\/wp-json\/wp\/v2\/pages\/3580\/revisions\/4033"}],"wp:attachment":[{"href":"https:\/\/soos-translations.com\/de\/wp-json\/wp\/v2\/media?parent=3580"}],"curies":[{"name":"wp","href":"https:\/\/api.w.org\/{rel}","templated":true}]}}