{"id":3589,"date":"2019-10-23T12:25:36","date_gmt":"2019-10-23T12:25:36","guid":{"rendered":"https:\/\/soos-translations.com\/driving-licenses\/"},"modified":"2021-02-03T12:53:25","modified_gmt":"2021-02-03T12:53:25","slug":"fuehrerscheine","status":"publish","type":"page","link":"https:\/\/soos-translations.com\/de\/fuehrerscheine\/","title":{"rendered":"F\u00fchrerscheine"},"content":{"rendered":"<div class=\"wpb-content-wrapper\"><p>[vc_section][vc_row full_width=&#8220;stretch_row_content_no_spaces&#8220;][vc_column]<div class=\"vlthemes_custom_69ea1abd4a3d0   vc_custom_1575619243535 vlt-page-title-hero vlt-page-title-hero--md vlt-page-title-hero--page jarallax\"><div class=\"vlt-page-title-hero__overlay\"><\/div><img decoding=\"async\" width=\"1920\" height=\"1080\" src=\"https:\/\/soos-translations.com\/wp-content\/uploads\/2019\/09\/ms-bg-13-1920x1080.jpg\" class=\"jarallax-img\" alt=\"\" srcset=\"https:\/\/soos-translations.com\/wp-content\/uploads\/2019\/09\/ms-bg-13-1920x1080.jpg 1920w, https:\/\/soos-translations.com\/wp-content\/uploads\/2019\/09\/ms-bg-13-1280x720.jpg 1280w\" loading=\"lazy\" \/><div class=\"vlt-page-title-hero__content\"><div class=\"container\"><div class=\"row\"><div class=\"col-md-8 offset-md-2\"><h1 class=\"vlt-page-title-hero__title\">F\u00fchrerscheine<\/h1><\/div><\/div><\/div><\/div><\/div>[\/vc_column][\/vc_row][\/vc_section][vc_row css=&#8220;.vc_custom_1611908062236{padding-top: 40px !important;padding-bottom: 10px !important;}&#8220;][vc_column width=&#8220;1\/6&#8243;][\/vc_column][vc_column width=&#8220;2\/3&#8243;][vc_column_text]<\/p>\n<h3 style=\"text-align: center;\">F\u00fchrerschein<br \/>\nBeglaubigte \u00dcbersetzung<\/h3>\n<p>Sie m\u00f6chten Ihren F\u00fchrerschein in die deutsche Sprache \u00fcbersetzen lassen? Gerne \u00fcbernehme ich als \u00f6ffentlich bestellte und beeidigte Urkunden\u00fcbersetzerin die beglaubigte \u00dcbersetzung Ihres F\u00fchrerscheins aus der englischen und spanischen in die deutsche Sprache. Der Ablauf ist f\u00fcr Sie ganz einfach:<\/p>\n<p>1. Senden Sie mir einen GUT LESBAREN *SCAN Ihres F\u00fchrerscheins in hoher Aufl\u00f6sung als *PDF-Datei zu. Vergessen Sie dabei nicht die R\u00fcckseite! Alternativ geht auch ein gutes Foto im *JPG-Format.<\/p>\n<p>2. Jede beglaubigte \u00dcbersetzung eines F\u00fchrerscheins im Scheckkartenformat kostet landesunabh\u00e4ngig \u20ac 40,00. Darin inbegriffen sind die \u00dcbersetzung, die Beglaubigung, 19 % MwSt. und die Portogeb\u00fchren f\u00fcr ein Einschreiben-Einwurf mit Sendungsverfolgungsnummer innerhalb Deutschlands. Die Preise f\u00fcr alte F\u00fchrerscheinb\u00fcchlein oder andere Formate weichen davon ab. Bitte senden Sie mir in diesem Fall Ihre Anfrage per E-Mail, so dass ich Ihnen vorab ein passendes Angebot erstellen kann.<\/p>\n<p>3. Bitte beachten Sie, dass F\u00fchrerschein\u00fcbersetzungen f\u00fcr Privatkunden nur gegen Vorkasse angefertigt werden. Bezahlen k\u00f6nnen Sie per Bank\u00fcberweisung, PayPal und Transferwise.<\/p>\n<p>4. Nach Erhalt bzw. Nachweis Ihrer Zahlung beginne ich umgehend mit der F\u00fchrerschein\u00fcbersetzung. Im Normalfall ist die \u00dcbersetzung nach 1-2 Werktagen versandbereit. Beglaubigte \u00dcbersetzungen m\u00fcssen vom \u00dcbersetzer gestempelt und unterschrieben werden, daher erfolgt keine Lieferung per E-Mail sondern nur als Ausdruck.<\/p>\n<p>5. Nach der Fertigstellung erhalten Sie von mir eine R\u00fcckmeldung und ich versende die beglaubigte F\u00fchrerschein\u00fcbersetzung per Einwurf-Einschreiben. Die Sendungsverfolgungsnummer \u00fcbermittle ich Ihnen ebenfalls, so haben Sie die Ankunft Ihrer \u00dcbersetzung stets im Blick.<\/p>\n<p>6. Bei Fragen jeglicher Art k\u00f6nnen Sie mich immer gerne per E-Mail unter<br \/>\nsoos-translations@email.de oder telefonisch unter der 0171 35 11 74 5 erreichen.<\/p>\n<p><strong>Wussten Sie schon?<\/strong> Je nach dem aus welchem Land Sie einreisen (EU oder EU-Ausland) und wie lange Sie in Deutschland bleiben wollen, gelten f\u00fcr die Umschreibung ausl\u00e4ndischer F\u00fchrerscheine verschieden Fristen und Regeln. Bitte informieren Sie sich rechtzeitig bei Ihrer \u00f6rtlichen F\u00fchrerscheinstelle. Teilweise muss schon nach sechs Monate ein ausl\u00e4ndischer F\u00fchrerschein umgeschrieben werden. Im Anschluss daran wird eine inl\u00e4ndische Fahrerlaubnis ben\u00f6tigt. Verpassen Sie diese Frist nicht! F\u00fcr eine F\u00fchrerscheinumschreibung ben\u00f6tigen Sie in den allermeisten F\u00e4llen eine beglaubigte \u00dcbersetzung Ihres ausl\u00e4ndischen F\u00fchrerscheins f\u00fcr die F\u00fchrescheinstelle.<\/p>\n<p><span style=\"font-size: 13px;\"><em>*Am Ende einer beglaubigten \u00dcbersetzung muss der \u00dcbersetzer vermerken, von welcher Vorlage er \u00fcbersetzt hat, also ob ein Scan, ein Original, eine Kopie etc. vorlag. Bitte fragen Sie bei Unsicherheiten diesbez\u00fcglich VOR DER AUFTRAGSERTEILUNG bei der Beh\u00f6rde nach, bei der Sie die \u00dcbersetzung vorlegen m\u00fcssen. Jedoch wird erfahrungsgem\u00e4\u00df in den wenigsten F\u00e4llen auf einer Vorlage im Original bestanden.<\/em><\/span>[\/vc_column_text][\/vc_column][vc_column width=&#8220;1\/6&#8243;][\/vc_column][\/vc_row][vc_row equal_height=&#8220;yes&#8220; content_placement=&#8220;top&#8220; css=&#8220;.vc_custom_1573577915111{padding-top: 40px !important;padding-bottom: 40px !important;}&#8220;][vc_column width=&#8220;1\/3&#8243;][vc_single_image image=&#8220;3378&#8243; img_size=&#8220;full&#8220;][\/vc_column][vc_column width=&#8220;1\/3&#8243;][vc_single_image image=&#8220;3377&#8243; img_size=&#8220;full&#8220;][\/vc_column][vc_column width=&#8220;1\/3&#8243;][vc_single_image image=&#8220;3374&#8243; img_size=&#8220;full&#8220;][\/vc_column][\/vc_row][vc_row content_placement=&#8220;middle&#8220; css=&#8220;.vc_custom_1571834241511{padding-bottom: 50px !important;}&#8220; el_class=&#8220;div-center&#8220;][vc_column]<a href=\"https:\/\/soos-translations.com\/de\/urkundenbeispiele-und-preise\/\" title=\"Urkundenbeispiele und Preise\" class=\"vlthemes_custom_69ea1abd4aea2   vlt-btn vlt-btn--primary vlt-btn--md vlt-btn--effect\"><span>Urkundenbeispiele und Preise<\/span><\/a>[\/vc_column][\/vc_row]<\/p>\n<\/div>","protected":false},"excerpt":{"rendered":"<p>[vc_section][vc_row full_width=&#8220;stretch_row_content_no_spaces&#8220;][vc_column][\/vc_column][\/vc_row][\/vc_section][vc_row css=&#8220;.vc_custom_1611908062236{padding-top: 40px !important;padding-bottom: 10px !important;}&#8220;][vc_column width=&#8220;1\/6&#8243;][\/vc_column][vc_column width=&#8220;2\/3&#8243;][vc_column_text] F\u00fchrerschein Beglaubigte \u00dcbersetzung Sie m\u00f6chten Ihren F\u00fchrerschein in die deutsche Sprache \u00fcbersetzen lassen? Gerne \u00fcbernehme ich als \u00f6ffentlich bestellte und beeidigte Urkunden\u00fcbersetzerin die beglaubigte \u00dcbersetzung Ihres F\u00fchrerscheins aus der englischen und spanischen in die deutsche Sprache. Der Ablauf ist f\u00fcr Sie ganz einfach: 1. Senden Sie [&hellip;]<\/p>\n","protected":false},"author":1,"featured_media":0,"parent":0,"menu_order":34,"comment_status":"closed","ping_status":"closed","template":"template-custom-page.php","meta":{"_acf_changed":false,"_vp_format_video_url":"","_vp_image_focal_point":[],"footnotes":""},"class_list":["post-3589","page","type-page","status-publish","hentry"],"acf":[],"yoast_head":"<!-- This site is optimized with the Yoast SEO plugin v25.9 - https:\/\/yoast.com\/wordpress\/plugins\/seo\/ -->\n<title>F\u00fchrerschein\u00fcbersetzungen ins Deutsche \u2013 Englisch &amp; Spanisch ins Deutsche<\/title>\n<meta name=\"description\" content=\"Hier finden Sie die Preise f\u00fcr beglaubigte \u00dcbersetzungen von F\u00fchrerscheinen mit der Sprachkombination Englisch -&gt; Deutsch und Spanisch -&gt; Deutsch. Beauftragen Sie Ihre \u00dcbersetzung noch heute!\" \/>\n<meta name=\"robots\" content=\"index, follow, max-snippet:-1, max-image-preview:large, max-video-preview:-1\" \/>\n<link rel=\"canonical\" href=\"https:\/\/soos-translations.com\/de\/fuehrerscheine\/\" \/>\n<meta property=\"og:locale\" content=\"de_DE\" \/>\n<meta property=\"og:type\" content=\"article\" \/>\n<meta property=\"og:title\" content=\"F\u00fchrerschein\u00fcbersetzungen ins Deutsche \u2013 Englisch &amp; Spanisch ins Deutsche\" \/>\n<meta property=\"og:description\" content=\"Hier finden Sie die Preise f\u00fcr beglaubigte \u00dcbersetzungen von F\u00fchrerscheinen mit der Sprachkombination Englisch -&gt; Deutsch und Spanisch -&gt; Deutsch. Beauftragen Sie Ihre \u00dcbersetzung noch heute!\" \/>\n<meta property=\"og:url\" content=\"https:\/\/soos-translations.com\/de\/fuehrerscheine\/\" \/>\n<meta property=\"og:site_name\" content=\"Michaela Soos-Kalogeropoulos\" \/>\n<meta property=\"article:modified_time\" content=\"2021-02-03T12:53:25+00:00\" \/>\n<meta name=\"twitter:card\" content=\"summary_large_image\" \/>\n<meta name=\"twitter:label1\" content=\"Gesch\u00e4tzte Lesezeit\" \/>\n\t<meta name=\"twitter:data1\" content=\"3\u00a0Minuten\" \/>\n<script type=\"application\/ld+json\" class=\"yoast-schema-graph\">{\"@context\":\"https:\/\/schema.org\",\"@graph\":[{\"@type\":\"WebPage\",\"@id\":\"https:\/\/soos-translations.com\/de\/fuehrerscheine\/\",\"url\":\"https:\/\/soos-translations.com\/de\/fuehrerscheine\/\",\"name\":\"F\u00fchrerschein\u00fcbersetzungen ins Deutsche \u2013 Englisch & Spanisch ins Deutsche\",\"isPartOf\":{\"@id\":\"https:\/\/soos-translations.com\/de\/#website\"},\"datePublished\":\"2019-10-23T12:25:36+00:00\",\"dateModified\":\"2021-02-03T12:53:25+00:00\",\"description\":\"Hier finden Sie die Preise f\u00fcr beglaubigte \u00dcbersetzungen von F\u00fchrerscheinen mit der Sprachkombination Englisch -> Deutsch und Spanisch -> Deutsch. Beauftragen Sie Ihre \u00dcbersetzung noch heute!\",\"breadcrumb\":{\"@id\":\"https:\/\/soos-translations.com\/de\/fuehrerscheine\/#breadcrumb\"},\"inLanguage\":\"de\",\"potentialAction\":[{\"@type\":\"ReadAction\",\"target\":[\"https:\/\/soos-translations.com\/de\/fuehrerscheine\/\"]}]},{\"@type\":\"BreadcrumbList\",\"@id\":\"https:\/\/soos-translations.com\/de\/fuehrerscheine\/#breadcrumb\",\"itemListElement\":[{\"@type\":\"ListItem\",\"position\":1,\"name\":\"Home\",\"item\":\"https:\/\/soos-translations.com\/de\/beglaubigte-uebersetzungen-stuttgart\/\"},{\"@type\":\"ListItem\",\"position\":2,\"name\":\"F\u00fchrerscheine\"}]},{\"@type\":\"WebSite\",\"@id\":\"https:\/\/soos-translations.com\/de\/#website\",\"url\":\"https:\/\/soos-translations.com\/de\/\",\"name\":\"Michaela Soos-Kalogeropoulos\",\"description\":\"Professional, sworn translations for all your legal needs\",\"potentialAction\":[{\"@type\":\"SearchAction\",\"target\":{\"@type\":\"EntryPoint\",\"urlTemplate\":\"https:\/\/soos-translations.com\/de\/?s={search_term_string}\"},\"query-input\":{\"@type\":\"PropertyValueSpecification\",\"valueRequired\":true,\"valueName\":\"search_term_string\"}}],\"inLanguage\":\"de\"}]}<\/script>\n<!-- \/ Yoast SEO plugin. -->","yoast_head_json":{"title":"F\u00fchrerschein\u00fcbersetzungen ins Deutsche \u2013 Englisch & Spanisch ins Deutsche","description":"Hier finden Sie die Preise f\u00fcr beglaubigte \u00dcbersetzungen von F\u00fchrerscheinen mit der Sprachkombination Englisch -> Deutsch und Spanisch -> Deutsch. Beauftragen Sie Ihre \u00dcbersetzung noch heute!","robots":{"index":"index","follow":"follow","max-snippet":"max-snippet:-1","max-image-preview":"max-image-preview:large","max-video-preview":"max-video-preview:-1"},"canonical":"https:\/\/soos-translations.com\/de\/fuehrerscheine\/","og_locale":"de_DE","og_type":"article","og_title":"F\u00fchrerschein\u00fcbersetzungen ins Deutsche \u2013 Englisch & Spanisch ins Deutsche","og_description":"Hier finden Sie die Preise f\u00fcr beglaubigte \u00dcbersetzungen von F\u00fchrerscheinen mit der Sprachkombination Englisch -> Deutsch und Spanisch -> Deutsch. Beauftragen Sie Ihre \u00dcbersetzung noch heute!","og_url":"https:\/\/soos-translations.com\/de\/fuehrerscheine\/","og_site_name":"Michaela Soos-Kalogeropoulos","article_modified_time":"2021-02-03T12:53:25+00:00","twitter_card":"summary_large_image","twitter_misc":{"Gesch\u00e4tzte Lesezeit":"3\u00a0Minuten"},"schema":{"@context":"https:\/\/schema.org","@graph":[{"@type":"WebPage","@id":"https:\/\/soos-translations.com\/de\/fuehrerscheine\/","url":"https:\/\/soos-translations.com\/de\/fuehrerscheine\/","name":"F\u00fchrerschein\u00fcbersetzungen ins Deutsche \u2013 Englisch & Spanisch ins Deutsche","isPartOf":{"@id":"https:\/\/soos-translations.com\/de\/#website"},"datePublished":"2019-10-23T12:25:36+00:00","dateModified":"2021-02-03T12:53:25+00:00","description":"Hier finden Sie die Preise f\u00fcr beglaubigte \u00dcbersetzungen von F\u00fchrerscheinen mit der Sprachkombination Englisch -> Deutsch und Spanisch -> Deutsch. Beauftragen Sie Ihre \u00dcbersetzung noch heute!","breadcrumb":{"@id":"https:\/\/soos-translations.com\/de\/fuehrerscheine\/#breadcrumb"},"inLanguage":"de","potentialAction":[{"@type":"ReadAction","target":["https:\/\/soos-translations.com\/de\/fuehrerscheine\/"]}]},{"@type":"BreadcrumbList","@id":"https:\/\/soos-translations.com\/de\/fuehrerscheine\/#breadcrumb","itemListElement":[{"@type":"ListItem","position":1,"name":"Home","item":"https:\/\/soos-translations.com\/de\/beglaubigte-uebersetzungen-stuttgart\/"},{"@type":"ListItem","position":2,"name":"F\u00fchrerscheine"}]},{"@type":"WebSite","@id":"https:\/\/soos-translations.com\/de\/#website","url":"https:\/\/soos-translations.com\/de\/","name":"Michaela Soos-Kalogeropoulos","description":"Professional, sworn translations for all your legal needs","potentialAction":[{"@type":"SearchAction","target":{"@type":"EntryPoint","urlTemplate":"https:\/\/soos-translations.com\/de\/?s={search_term_string}"},"query-input":{"@type":"PropertyValueSpecification","valueRequired":true,"valueName":"search_term_string"}}],"inLanguage":"de"}]}},"_links":{"self":[{"href":"https:\/\/soos-translations.com\/de\/wp-json\/wp\/v2\/pages\/3589","targetHints":{"allow":["GET"]}}],"collection":[{"href":"https:\/\/soos-translations.com\/de\/wp-json\/wp\/v2\/pages"}],"about":[{"href":"https:\/\/soos-translations.com\/de\/wp-json\/wp\/v2\/types\/page"}],"author":[{"embeddable":true,"href":"https:\/\/soos-translations.com\/de\/wp-json\/wp\/v2\/users\/1"}],"replies":[{"embeddable":true,"href":"https:\/\/soos-translations.com\/de\/wp-json\/wp\/v2\/comments?post=3589"}],"version-history":[{"count":12,"href":"https:\/\/soos-translations.com\/de\/wp-json\/wp\/v2\/pages\/3589\/revisions"}],"predecessor-version":[{"id":4032,"href":"https:\/\/soos-translations.com\/de\/wp-json\/wp\/v2\/pages\/3589\/revisions\/4032"}],"wp:attachment":[{"href":"https:\/\/soos-translations.com\/de\/wp-json\/wp\/v2\/media?parent=3589"}],"curies":[{"name":"wp","href":"https:\/\/api.w.org\/{rel}","templated":true}]}}