{"id":3598,"date":"2019-09-19T16:12:18","date_gmt":"2019-09-19T16:12:18","guid":{"rendered":"https:\/\/soos-translations.com\/samples-and-pricing\/"},"modified":"2026-04-14T09:16:26","modified_gmt":"2026-04-14T09:16:26","slug":"urkundenbeispiele-und-preise","status":"publish","type":"page","link":"https:\/\/soos-translations.com\/de\/urkundenbeispiele-und-preise\/","title":{"rendered":"Urkundenbeispiele und Preise"},"content":{"rendered":"\t\t<div data-elementor-type=\"wp-page\" data-elementor-id=\"3598\" class=\"elementor elementor-3598 elementor-3077\">\n\t\t\t\t<div class=\"elementor-element elementor-element-479b4d9 e-con-full e-flex e-con e-parent\" data-id=\"479b4d9\" data-element_type=\"container\" data-e-type=\"container\" data-settings=\"{&quot;background_background&quot;:&quot;classic&quot;}\">\n\t\t\t\t<div class=\"elementor-element elementor-element-9fb66f2 elementor-widget elementor-widget-heading\" data-id=\"9fb66f2\" data-element_type=\"widget\" data-e-type=\"widget\" data-widget_type=\"heading.default\">\n\t\t\t\t\t<h1 class=\"elementor-heading-title elementor-size-default\">Urkundenbeispiele und Preise<\/h1>\t\t\t\t<\/div>\n\t\t\t\t<\/div>\n\t\t<div class=\"elementor-element elementor-element-b873de6 e-flex e-con-boxed e-con e-parent\" data-id=\"b873de6\" data-element_type=\"container\" data-e-type=\"container\">\n\t\t\t\t\t<div class=\"e-con-inner\">\n\t\t\t\t<div class=\"elementor-element elementor-element-9a711ff elementor-widget elementor-widget-text-editor\" data-id=\"9a711ff\" data-element_type=\"widget\" data-e-type=\"widget\" data-widget_type=\"text-editor.default\">\n\t\t\t\t\t\t\t\t\t<p>Hier finden Sie einige der am h\u00e4ufigsten angefragten Urkunden.<\/p><p>Bitte beachten Sie: Falls Ihr Dokument nicht genau den abgebildeten Beispielen entspricht, ist das gar kein Problem. Viele Urkunden eines Landes wurden \u00fcber die Jahre vom Layout und Aussehen her ver\u00e4ndert.<\/p><p>Dies ist nur eine kleine Auswahl f\u00fcr Sie als Kunde, um sich einen \u00dcberblick \u00fcber die Varianten und Preise zu verschaffen.<\/p>\t\t\t\t\t\t\t\t<\/div>\n\t\t\t\t\t<\/div>\n\t\t\t\t<\/div>\n\t\t<div class=\"elementor-element elementor-element-0e8adcb e-flex e-con-boxed e-con e-parent\" data-id=\"0e8adcb\" data-element_type=\"container\" data-e-type=\"container\">\n\t\t\t\t\t<div class=\"e-con-inner\">\n\t\t<div class=\"elementor-element elementor-element-91409d4 e-con-full e-flex e-con e-child\" data-id=\"91409d4\" data-element_type=\"container\" data-e-type=\"container\">\n\t\t\t\t<div class=\"elementor-element elementor-element-e35dd65 elementor-widget elementor-widget-image\" data-id=\"e35dd65\" data-element_type=\"widget\" data-e-type=\"widget\" data-widget_type=\"image.default\">\n\t\t\t\t\t\t\t\t\t\t\t\t\t\t\t\t<a href=\"https:\/\/soos-translations.com\/de\/fuehrerscheine\/\">\n\t\t\t\t\t\t\t<img decoding=\"async\" src=\"https:\/\/soos-translations.com\/wp-content\/uploads\/elementor\/thumbs\/driving-licence-rkld5s44dplcalvavsgqg2qy31a59un443l7kvcnb4.jpg\" title=\"driving-licence\" alt=\"driving-licence\" loading=\"lazy\" \/>\t\t\t\t\t\t\t\t<\/a>\n\t\t\t\t\t\t\t\t\t\t\t\t\t\t\t<\/div>\n\t\t\t\t<div class=\"elementor-element elementor-element-67f381d elementor-widget elementor-widget-heading\" data-id=\"67f381d\" data-element_type=\"widget\" data-e-type=\"widget\" data-widget_type=\"heading.default\">\n\t\t\t\t\t<h3 class=\"elementor-heading-title elementor-size-default\"><a href=\"https:\/\/soos-translations.com\/de\/fuehrerscheine\/\">F\u00fchrerscheine<\/a><\/h3>\t\t\t\t<\/div>\n\t\t\t\t<div class=\"elementor-element elementor-element-34ba33d elementor-widget elementor-widget-text-editor\" data-id=\"34ba33d\" data-element_type=\"widget\" data-e-type=\"widget\" data-widget_type=\"text-editor.default\">\n\t\t\t\t\t\t\t\t\t<p>Bitte beachten Sie: Jede beglaubigte \u00dcbersetzung eines F\u00fchrerscheins im Scheckkartenformat kostet landesunabh\u00e4ngig \u20ac 40,00. Darin inbegriffen sind die \u00dcbersetzung, die Beglaubigung,<br \/>19 % MwSt. und die Portogeb\u00fchren f\u00fcr ein Einschreiben-Einwurf mit Sendungsverfolgungsnummer innerhalb Deutschlands. Die Preise f\u00fcr alte F\u00fchrerscheinb\u00fcchlein oder andere Formate weichen davon ab. Bitte senden Sie mir Ihre Anfrage per E-Mail, so dass ich Ihnen ein passendes Angebot erstellen kann.<\/p>\t\t\t\t\t\t\t\t<\/div>\n\t\t\t\t<\/div>\n\t\t<div class=\"elementor-element elementor-element-d8f1961 e-con-full e-flex e-con e-child\" data-id=\"d8f1961\" data-element_type=\"container\" data-e-type=\"container\">\n\t\t\t\t<div class=\"elementor-element elementor-element-ae4ad5d elementor-widget elementor-widget-image\" data-id=\"ae4ad5d\" data-element_type=\"widget\" data-e-type=\"widget\" data-widget_type=\"image.default\">\n\t\t\t\t\t\t\t\t\t\t\t\t\t\t\t\t<a href=\"https:\/\/soos-translations.com\/de\/geburtsurkunden\/\">\n\t\t\t\t\t\t\t<img fetchpriority=\"high\" decoding=\"async\" width=\"800\" height=\"532\" src=\"https:\/\/soos-translations.com\/wp-content\/uploads\/2019\/11\/Birth-certificates-trnslations.jpeg\" class=\"attachment-large size-large wp-image-3541\" alt=\"\" srcset=\"https:\/\/soos-translations.com\/wp-content\/uploads\/2019\/11\/Birth-certificates-trnslations.jpeg 800w, https:\/\/soos-translations.com\/wp-content\/uploads\/2019\/11\/Birth-certificates-trnslations-700x466.jpeg 700w, https:\/\/soos-translations.com\/wp-content\/uploads\/2019\/11\/Birth-certificates-trnslations-300x200.jpeg 300w, https:\/\/soos-translations.com\/wp-content\/uploads\/2019\/11\/Birth-certificates-trnslations-768x511.jpeg 768w, https:\/\/soos-translations.com\/wp-content\/uploads\/2019\/11\/Birth-certificates-trnslations-500x333.jpeg 500w\" sizes=\"(max-width: 800px) 100vw, 800px\" \/>\t\t\t\t\t\t\t\t<\/a>\n\t\t\t\t\t\t\t\t\t\t\t\t\t\t\t<\/div>\n\t\t\t\t<div class=\"elementor-element elementor-element-e005e4b elementor-widget elementor-widget-heading\" data-id=\"e005e4b\" data-element_type=\"widget\" data-e-type=\"widget\" data-widget_type=\"heading.default\">\n\t\t\t\t\t<h3 class=\"elementor-heading-title elementor-size-default\"><a href=\"https:\/\/soos-translations.com\/de\/geburtsurkunden\/\">Geburtsurkunden<\/a><\/h3>\t\t\t\t<\/div>\n\t\t\t\t<div class=\"elementor-element elementor-element-0b4eb80 elementor-widget elementor-widget-text-editor\" data-id=\"0b4eb80\" data-element_type=\"widget\" data-e-type=\"widget\" data-widget_type=\"text-editor.default\">\n\t\t\t\t\t\t\t\t\t<p>Bitte beachten Sie: Die Preise f\u00fcr beglaubigte \u00dcbersetzungen von Geburtsurkunden die aus einer Seite bestehen, variieren von Land zu Land. Das kommt daher, dass die verschiedenen L\u00e4nder unterschiedliche Formate und unterschiedlich viele Angaben auf ihren Urkunden machen. Mal ist es mehr Text, mal weniger. Mal ist die Urkunde aufwendiger zu formatieren, mal geht es einfacher. F\u00fcr die am h\u00e4ufigsten angefragten Geburtsurkunden habe ich Ihnen zur schnellen Preisorientierung eine L\u00e4ndertabelle eingestellt. Sollte Ihre Geburtsurkunde nicht dabei sein oder von dem gezeigten Beispiel stark abweichen, kontaktieren Sie mich bitte per E-Mail. Gerne ermittle ich dann den Preis f\u00fcr Sie.<\/p>\t\t\t\t\t\t\t\t<\/div>\n\t\t\t\t<\/div>\n\t\t<div class=\"elementor-element elementor-element-0b17a27 e-con-full e-flex e-con e-child\" data-id=\"0b17a27\" data-element_type=\"container\" data-e-type=\"container\">\n\t\t\t\t<div class=\"elementor-element elementor-element-15ab74f elementor-widget elementor-widget-image\" data-id=\"15ab74f\" data-element_type=\"widget\" data-e-type=\"widget\" data-widget_type=\"image.default\">\n\t\t\t\t\t\t\t\t\t\t\t\t\t\t\t\t<a href=\"https:\/\/soos-translations.com\/de\/heiratsurkunden\/\">\n\t\t\t\t\t\t\t<img decoding=\"async\" width=\"1000\" height=\"667\" src=\"https:\/\/soos-translations.com\/wp-content\/uploads\/2019\/11\/Marriage-certificates-translations-2.jpeg\" class=\"attachment-large size-large wp-image-3557\" alt=\"\" srcset=\"https:\/\/soos-translations.com\/wp-content\/uploads\/2019\/11\/Marriage-certificates-translations-2.jpeg 1000w, https:\/\/soos-translations.com\/wp-content\/uploads\/2019\/11\/Marriage-certificates-translations-2-700x467.jpeg 700w, https:\/\/soos-translations.com\/wp-content\/uploads\/2019\/11\/Marriage-certificates-translations-2-300x200.jpeg 300w, https:\/\/soos-translations.com\/wp-content\/uploads\/2019\/11\/Marriage-certificates-translations-2-768x512.jpeg 768w, https:\/\/soos-translations.com\/wp-content\/uploads\/2019\/11\/Marriage-certificates-translations-2-500x334.jpeg 500w, https:\/\/soos-translations.com\/wp-content\/uploads\/2019\/11\/Marriage-certificates-translations-2-800x534.jpeg 800w\" sizes=\"(max-width: 1000px) 100vw, 1000px\" \/>\t\t\t\t\t\t\t\t<\/a>\n\t\t\t\t\t\t\t\t\t\t\t\t\t\t\t<\/div>\n\t\t\t\t<div class=\"elementor-element elementor-element-cc6227d elementor-widget elementor-widget-heading\" data-id=\"cc6227d\" data-element_type=\"widget\" data-e-type=\"widget\" data-widget_type=\"heading.default\">\n\t\t\t\t\t<h3 class=\"elementor-heading-title elementor-size-default\"><a href=\"https:\/\/soos-translations.com\/de\/heiratsurkunden\/\">Heiratsurkunden<\/a><\/h3>\t\t\t\t<\/div>\n\t\t\t\t<div class=\"elementor-element elementor-element-2fa8fe3 elementor-widget elementor-widget-text-editor\" data-id=\"2fa8fe3\" data-element_type=\"widget\" data-e-type=\"widget\" data-widget_type=\"text-editor.default\">\n\t\t\t\t\t\t\t\t\t<div class=\"wpb_column vc_column_container vc_col-sm-4\"><div class=\"vc_column-inner\"><div class=\"wpb_wrapper\"><div class=\"vlthemes_custom_69de05318a31a vlt-animation-block aos-init aos-animate\" data-aos=\"fade\" data-aos-delay=\"200\"><div class=\"vlthemes_custom_69de05318b3ce   vlt-services vlt-services--top-center\"><div class=\"vlt-services__content\"><p class=\"vlt-services__text\">Bitte beachten Sie: Die Preise f\u00fcr beglaubigte \u00dcbersetzungen von Heiratsurkunden die aus einer Seite bestehen, variieren von Land zu Land. Das kommt daher, dass die verschiedenen L\u00e4nder unterschiedliche Formate und unterschiedlich viele Angaben auf ihren Urkunden machen. Mal ist es mehr Text, mal weniger. Mal ist die Urkunde aufwendiger zu formatieren, mal geht es einfacher. F\u00fcr die am h\u00e4ufigsten angefragten Heiratsurkunden habe ich Ihnen zur schnellen Preisorientierung eine L\u00e4ndertabelle eingestellt. Sollte Ihre Heiratsurkunde nicht dabei sein oder von dem gezeigten Beispiel stark abweichen, kontaktieren Sie mich bitte per E-Mail. Gerne ermittle ich dann den Preis f\u00fcr Sie.<\/p><\/div><\/div><\/div><\/div><\/div><\/div><div class=\"wpb_column vc_column_container vc_col-sm-12\"><div class=\"vc_column-inner\"><div class=\"wpb_wrapper\"><div class=\"vlthemes_custom_69de05318b7a4   vlt-spacer\">\u00a0<\/div><\/div><\/div><\/div>\t\t\t\t\t\t\t\t<\/div>\n\t\t\t\t<\/div>\n\t\t\t\t<div class=\"vlt-element-parallax elementor-element elementor-element-55142a4 elementor-absolute elementor-hidden-mobile elementor-widget elementor-widget-vlt-particle\" data-element-parallax=\"100 0\" data-id=\"55142a4\" data-element_type=\"widget\" data-e-type=\"widget\" data-settings=\"{&quot;_position&quot;:&quot;absolute&quot;}\" data-widget_type=\"vlt-particle.default\">\n\t\t\t\t<div class=\"elementor-widget-container\">\n\t\t\t\t\t\n\t\t<div class=\"vlt-particle  vlt-particle--background\">\n\n\t\t\t<img loading=\"lazy\" decoding=\"async\" width=\"160\" height=\"120\" src=\"https:\/\/soos-translations.com\/wp-content\/uploads\/2025\/10\/particle-dots-black.svg\" class=\"vlt-particle-image\" alt=\"\" loading=\"lazy\" \/>\n\t\t<\/div>\n\n\t\t\t\t\t\t<\/div>\n\t\t\t\t<\/div>\n\t\t\t\t\t<\/div>\n\t\t\t\t<\/div>\n\t\t\t\t<\/div>\n\t\t","protected":false},"excerpt":{"rendered":"<p>Urkundenbeispiele und Preise Hier finden Sie einige der am h\u00e4ufigsten angefragten Urkunden. Bitte beachten Sie: Falls Ihr Dokument nicht genau den abgebildeten Beispielen entspricht, ist das gar kein Problem. Viele Urkunden eines Landes wurden \u00fcber die Jahre vom Layout und Aussehen her ver\u00e4ndert. Dies ist nur eine kleine Auswahl f\u00fcr Sie als Kunde, um sich&#8230;<\/p>\n","protected":false},"author":1,"featured_media":0,"parent":0,"menu_order":34,"comment_status":"closed","ping_status":"closed","template":"template-custom-page.php","meta":{"_acf_changed":false,"footnotes":""},"class_list":["post-3598","page","type-page","status-publish","hentry"],"acf":[],"yoast_head":"<!-- This site is optimized with the Yoast SEO plugin v27.5 - https:\/\/yoast.com\/product\/yoast-seo-wordpress\/ -->\n<title>Was kostet eine Urkunden\u00fcbersetzung ins Deutsche?<\/title>\n<meta name=\"description\" content=\"Hier finden Sie meine Preise f\u00fcr Urkunden\u00fcbersetzungen, beglaubigte \u00dcbersetzungen und Rechts\u00fcbersetzungen von Englisch &amp; Spanisch ins Deutsche.\" \/>\n<meta name=\"robots\" content=\"index, follow, max-snippet:-1, max-image-preview:large, max-video-preview:-1\" \/>\n<link rel=\"canonical\" href=\"https:\/\/soos-translations.com\/de\/urkundenbeispiele-und-preise\/\" \/>\n<meta property=\"og:locale\" content=\"de_DE\" \/>\n<meta property=\"og:type\" content=\"article\" \/>\n<meta property=\"og:title\" content=\"Was kostet eine Urkunden\u00fcbersetzung ins Deutsche?\" \/>\n<meta property=\"og:description\" content=\"Hier finden Sie meine Preise f\u00fcr Urkunden\u00fcbersetzungen, beglaubigte \u00dcbersetzungen und Rechts\u00fcbersetzungen von Englisch &amp; Spanisch ins Deutsche.\" \/>\n<meta property=\"og:url\" content=\"https:\/\/soos-translations.com\/de\/urkundenbeispiele-und-preise\/\" \/>\n<meta property=\"og:site_name\" content=\"Michaela Soos-Kalogeropoulos\" \/>\n<meta property=\"article:modified_time\" content=\"2026-04-14T09:16:26+00:00\" \/>\n<meta property=\"og:image\" content=\"https:\/\/soos-translations.com\/wp-content\/uploads\/elementor\/thumbs\/driving-licence-rkld5s44dplcalvavsgqg2qy31a59un443l7kvcnb4.jpg\" \/>\n<meta name=\"twitter:card\" content=\"summary_large_image\" \/>\n<meta name=\"twitter:label1\" content=\"Gesch\u00e4tzte Lesezeit\" \/>\n\t<meta name=\"twitter:data1\" content=\"1\u00a0Minute\" \/>\n<script type=\"application\/ld+json\" class=\"yoast-schema-graph\">{\"@context\":\"https:\\\/\\\/schema.org\",\"@graph\":[{\"@type\":\"WebPage\",\"@id\":\"https:\\\/\\\/soos-translations.com\\\/de\\\/urkundenbeispiele-und-preise\\\/\",\"url\":\"https:\\\/\\\/soos-translations.com\\\/de\\\/urkundenbeispiele-und-preise\\\/\",\"name\":\"Was kostet eine Urkunden\u00fcbersetzung ins Deutsche?\",\"isPartOf\":{\"@id\":\"https:\\\/\\\/soos-translations.com\\\/de\\\/#website\"},\"primaryImageOfPage\":{\"@id\":\"https:\\\/\\\/soos-translations.com\\\/de\\\/urkundenbeispiele-und-preise\\\/#primaryimage\"},\"image\":{\"@id\":\"https:\\\/\\\/soos-translations.com\\\/de\\\/urkundenbeispiele-und-preise\\\/#primaryimage\"},\"thumbnailUrl\":\"https:\\\/\\\/soos-translations.com\\\/wp-content\\\/uploads\\\/elementor\\\/thumbs\\\/driving-licence-rkld5s44dplcalvavsgqg2qy31a59un443l7kvcnb4.jpg\",\"datePublished\":\"2019-09-19T16:12:18+00:00\",\"dateModified\":\"2026-04-14T09:16:26+00:00\",\"description\":\"Hier finden Sie meine Preise f\u00fcr Urkunden\u00fcbersetzungen, beglaubigte \u00dcbersetzungen und Rechts\u00fcbersetzungen von Englisch & Spanisch ins Deutsche.\",\"breadcrumb\":{\"@id\":\"https:\\\/\\\/soos-translations.com\\\/de\\\/urkundenbeispiele-und-preise\\\/#breadcrumb\"},\"inLanguage\":\"de\",\"potentialAction\":[{\"@type\":\"ReadAction\",\"target\":[\"https:\\\/\\\/soos-translations.com\\\/de\\\/urkundenbeispiele-und-preise\\\/\"]}]},{\"@type\":\"ImageObject\",\"inLanguage\":\"de\",\"@id\":\"https:\\\/\\\/soos-translations.com\\\/de\\\/urkundenbeispiele-und-preise\\\/#primaryimage\",\"url\":\"https:\\\/\\\/soos-translations.com\\\/wp-content\\\/uploads\\\/elementor\\\/thumbs\\\/driving-licence-rkld5s44dplcalvavsgqg2qy31a59un443l7kvcnb4.jpg\",\"contentUrl\":\"https:\\\/\\\/soos-translations.com\\\/wp-content\\\/uploads\\\/elementor\\\/thumbs\\\/driving-licence-rkld5s44dplcalvavsgqg2qy31a59un443l7kvcnb4.jpg\"},{\"@type\":\"BreadcrumbList\",\"@id\":\"https:\\\/\\\/soos-translations.com\\\/de\\\/urkundenbeispiele-und-preise\\\/#breadcrumb\",\"itemListElement\":[{\"@type\":\"ListItem\",\"position\":1,\"name\":\"Home\",\"item\":\"https:\\\/\\\/soos-translations.com\\\/de\\\/home\\\/\"},{\"@type\":\"ListItem\",\"position\":2,\"name\":\"Urkundenbeispiele und Preise\"}]},{\"@type\":\"WebSite\",\"@id\":\"https:\\\/\\\/soos-translations.com\\\/de\\\/#website\",\"url\":\"https:\\\/\\\/soos-translations.com\\\/de\\\/\",\"name\":\"Michaela Soos-Kalogeropoulos\",\"description\":\"Professional, sworn translations for all your legal needs\",\"potentialAction\":[{\"@type\":\"SearchAction\",\"target\":{\"@type\":\"EntryPoint\",\"urlTemplate\":\"https:\\\/\\\/soos-translations.com\\\/de\\\/?s={search_term_string}\"},\"query-input\":{\"@type\":\"PropertyValueSpecification\",\"valueRequired\":true,\"valueName\":\"search_term_string\"}}],\"inLanguage\":\"de\"}]}<\/script>\n<!-- \/ Yoast SEO plugin. -->","yoast_head_json":{"title":"Was kostet eine Urkunden\u00fcbersetzung ins Deutsche?","description":"Hier finden Sie meine Preise f\u00fcr Urkunden\u00fcbersetzungen, beglaubigte \u00dcbersetzungen und Rechts\u00fcbersetzungen von Englisch & Spanisch ins Deutsche.","robots":{"index":"index","follow":"follow","max-snippet":"max-snippet:-1","max-image-preview":"max-image-preview:large","max-video-preview":"max-video-preview:-1"},"canonical":"https:\/\/soos-translations.com\/de\/urkundenbeispiele-und-preise\/","og_locale":"de_DE","og_type":"article","og_title":"Was kostet eine Urkunden\u00fcbersetzung ins Deutsche?","og_description":"Hier finden Sie meine Preise f\u00fcr Urkunden\u00fcbersetzungen, beglaubigte \u00dcbersetzungen und Rechts\u00fcbersetzungen von Englisch & Spanisch ins Deutsche.","og_url":"https:\/\/soos-translations.com\/de\/urkundenbeispiele-und-preise\/","og_site_name":"Michaela Soos-Kalogeropoulos","article_modified_time":"2026-04-14T09:16:26+00:00","og_image":[{"url":"https:\/\/soos-translations.com\/wp-content\/uploads\/elementor\/thumbs\/driving-licence-rkld5s44dplcalvavsgqg2qy31a59un443l7kvcnb4.jpg","type":"","width":"","height":""}],"twitter_card":"summary_large_image","twitter_misc":{"Gesch\u00e4tzte Lesezeit":"1\u00a0Minute"},"schema":{"@context":"https:\/\/schema.org","@graph":[{"@type":"WebPage","@id":"https:\/\/soos-translations.com\/de\/urkundenbeispiele-und-preise\/","url":"https:\/\/soos-translations.com\/de\/urkundenbeispiele-und-preise\/","name":"Was kostet eine Urkunden\u00fcbersetzung ins Deutsche?","isPartOf":{"@id":"https:\/\/soos-translations.com\/de\/#website"},"primaryImageOfPage":{"@id":"https:\/\/soos-translations.com\/de\/urkundenbeispiele-und-preise\/#primaryimage"},"image":{"@id":"https:\/\/soos-translations.com\/de\/urkundenbeispiele-und-preise\/#primaryimage"},"thumbnailUrl":"https:\/\/soos-translations.com\/wp-content\/uploads\/elementor\/thumbs\/driving-licence-rkld5s44dplcalvavsgqg2qy31a59un443l7kvcnb4.jpg","datePublished":"2019-09-19T16:12:18+00:00","dateModified":"2026-04-14T09:16:26+00:00","description":"Hier finden Sie meine Preise f\u00fcr Urkunden\u00fcbersetzungen, beglaubigte \u00dcbersetzungen und Rechts\u00fcbersetzungen von Englisch & Spanisch ins Deutsche.","breadcrumb":{"@id":"https:\/\/soos-translations.com\/de\/urkundenbeispiele-und-preise\/#breadcrumb"},"inLanguage":"de","potentialAction":[{"@type":"ReadAction","target":["https:\/\/soos-translations.com\/de\/urkundenbeispiele-und-preise\/"]}]},{"@type":"ImageObject","inLanguage":"de","@id":"https:\/\/soos-translations.com\/de\/urkundenbeispiele-und-preise\/#primaryimage","url":"https:\/\/soos-translations.com\/wp-content\/uploads\/elementor\/thumbs\/driving-licence-rkld5s44dplcalvavsgqg2qy31a59un443l7kvcnb4.jpg","contentUrl":"https:\/\/soos-translations.com\/wp-content\/uploads\/elementor\/thumbs\/driving-licence-rkld5s44dplcalvavsgqg2qy31a59un443l7kvcnb4.jpg"},{"@type":"BreadcrumbList","@id":"https:\/\/soos-translations.com\/de\/urkundenbeispiele-und-preise\/#breadcrumb","itemListElement":[{"@type":"ListItem","position":1,"name":"Home","item":"https:\/\/soos-translations.com\/de\/home\/"},{"@type":"ListItem","position":2,"name":"Urkundenbeispiele und Preise"}]},{"@type":"WebSite","@id":"https:\/\/soos-translations.com\/de\/#website","url":"https:\/\/soos-translations.com\/de\/","name":"Michaela Soos-Kalogeropoulos","description":"Professional, sworn translations for all your legal needs","potentialAction":[{"@type":"SearchAction","target":{"@type":"EntryPoint","urlTemplate":"https:\/\/soos-translations.com\/de\/?s={search_term_string}"},"query-input":{"@type":"PropertyValueSpecification","valueRequired":true,"valueName":"search_term_string"}}],"inLanguage":"de"}]}},"_links":{"self":[{"href":"https:\/\/soos-translations.com\/de\/wp-json\/wp\/v2\/pages\/3598","targetHints":{"allow":["GET"]}}],"collection":[{"href":"https:\/\/soos-translations.com\/de\/wp-json\/wp\/v2\/pages"}],"about":[{"href":"https:\/\/soos-translations.com\/de\/wp-json\/wp\/v2\/types\/page"}],"author":[{"embeddable":true,"href":"https:\/\/soos-translations.com\/de\/wp-json\/wp\/v2\/users\/1"}],"replies":[{"embeddable":true,"href":"https:\/\/soos-translations.com\/de\/wp-json\/wp\/v2\/comments?post=3598"}],"version-history":[{"count":10,"href":"https:\/\/soos-translations.com\/de\/wp-json\/wp\/v2\/pages\/3598\/revisions"}],"predecessor-version":[{"id":6185,"href":"https:\/\/soos-translations.com\/de\/wp-json\/wp\/v2\/pages\/3598\/revisions\/6185"}],"wp:attachment":[{"href":"https:\/\/soos-translations.com\/de\/wp-json\/wp\/v2\/media?parent=3598"}],"curies":[{"name":"wp","href":"https:\/\/api.w.org\/{rel}","templated":true}]}}