{"id":3599,"date":"2018-08-29T12:00:13","date_gmt":"2018-08-29T12:00:13","guid":{"rendered":"https:\/\/soos-translations.com\/contact\/"},"modified":"2024-02-16T09:42:04","modified_gmt":"2024-02-16T09:42:04","slug":"kontakt","status":"publish","type":"page","link":"https:\/\/soos-translations.com\/de\/kontakt\/","title":{"rendered":"Kontakt"},"content":{"rendered":"<div class=\"wpb-content-wrapper\"><p>[vc_section][vc_row full_width=&#8220;stretch_row_content_no_spaces&#8220;][vc_column]<div class=\"vlthemes_custom_69ea063e77320   vc_custom_1575618295293 vlt-page-title-hero vlt-page-title-hero--md vlt-page-title-hero--page jarallax\"><div class=\"vlt-page-title-hero__overlay\"><\/div><img decoding=\"async\" width=\"1920\" height=\"1080\" src=\"https:\/\/soos-translations.com\/wp-content\/uploads\/2019\/09\/ms-bg-13-1920x1080.jpg\" class=\"jarallax-img\" alt=\"\" srcset=\"https:\/\/soos-translations.com\/wp-content\/uploads\/2019\/09\/ms-bg-13-1920x1080.jpg 1920w, https:\/\/soos-translations.com\/wp-content\/uploads\/2019\/09\/ms-bg-13-1280x720.jpg 1280w\" loading=\"lazy\" \/><div class=\"vlt-page-title-hero__content\"><div class=\"container\"><div class=\"row\"><div class=\"col-md-8 offset-md-2\"><h1 class=\"vlt-page-title-hero__title\">Kontakt<\/h1><\/div><\/div><\/div><\/div><\/div>[\/vc_column][\/vc_row][\/vc_section][vc_section][vc_row full_width=&#8220;stretch_row&#8220; vlt_shortcode_inside_row=&#8220;`{`vlt_particle image=&#8222;1241&#8222; size=&#8222;leedo-800&#215;600&#8222; y=&#8222;-100&#8222; x=&#8222;0&#8222; spin=&#8222;&#8222; style=&#8222;max-width: 250px; bottom: -65px; left: -30px;&#8222;`}`&#8220; vlt_overflow_hidden=&#8220;&#8220;][vc_column]<div class=\"vlthemes_custom_69ea063e77ea4   vlt-spacer\" style=\" --size-xlarge:80px;\"><\/div>[\/vc_column][vc_column width=&#8220;5\/12&#8243; el_class=&#8220;contact&#8220;]<div class=\"vlthemes_custom_69ea063e77f1d   vlt-animation-block\" data-aos=\"fade\" data-aos-delay=\"0\">[vc_column_text]Gerne k\u00f6nnen Sie per E-Mail oder mittels Kontaktformular mit mir in Verbindung treten, um einen Auftrag zu erteilen oder Ihr ganz pers\u00f6nliches unverbindliches Angebot anzufordern. (<a href=\"https:\/\/soos-translations.com\/de\/samples-and-pricing\/\">Hier finden Sie vorab schon einige Preisbeispiele, vielleicht ist Ihre Urkunde ja hier schon mit dabei.<\/a>)<\/p>\n<p>Sollten Sie eine Anfrage zwecks einer \u00dcbersetzung haben, die von den gezeigten Beispielen abweicht, dann lassen Sie mir so viele Einzelheiten wie m\u00f6glich \u00fcber den gew\u00fcnschten zu \u00fcbersetzenden Text zukommen. Dazu geh\u00f6ren u. a. die Wortanzahl, die Seitenanzahl, und die Art des Dokuments. Nur mit diesen Angaben kann ich Ihnen ein korrektes Angebot erstellen. Alternativ k\u00f6nnen Sie mir gerne einen gut lesbaren Scan Ihres Dokuments per E-Mail zukommen lassen (achten Sie auch auf die R\u00fcckseite(-n)!)[\/vc_column_text]<\/div><div class=\"vlthemes_custom_69ea063e77f86   vlt-spacer\" style=\" --size-xlarge:20px;\"><\/div><div class=\"vlthemes_custom_69ea063e77fc5   vlt-animation-block\" data-aos=\"fade\" data-aos-delay=\"100\"><div class=\"vlthemes_custom_69ea063e7806e   vlt-services vlt-services--start\"><div class=\"vlt-services__icon\" style=\"color:#f8e8e1;\"><i class=\"etl etl-map-pin\"><\/i><\/div><div class=\"vlt-services__content\"><p class=\"vlt-services__text\" style=\"color:;\">Burgstallstr. 84, 70199 Stuttgart<\/p><\/div><\/div><\/div><div class=\"vlthemes_custom_69ea063e78106   vlt-animation-block\" data-aos=\"fade\" data-aos-delay=\"100\"><div class=\"vlthemes_custom_69ea063e78151   vlt-services vlt-services--start\"><div class=\"vlt-services__icon\" style=\"color:#f8e8e1;\"><i class=\"etl etl-envelope\"><\/i><\/div><div class=\"vlt-services__content\"><p class=\"vlt-services__text\" style=\"color:;\"><a href=\"mailto:soos-translations@email.de\">soos-translations@email.de<\/a><\/p><\/div><\/div><\/div><div class=\"vlthemes_custom_69ea063e78296   vlt-animation-block\" data-aos=\"fade\" data-aos-delay=\"100\"><div class=\"vlthemes_custom_69ea063e782f2   vlt-services vlt-services--start\"><div class=\"vlt-services__icon\" style=\"color:#f8e8e1;\"><i class=\"etl etl-phone\"><\/i><\/div><div class=\"vlt-services__content\"><p class=\"vlt-services__text\" style=\"color:;\"><a href=\"tel:+4901713511745\">+49 (0)171 35 11 74 5<\/a><\/p><\/div><\/div><\/div><div class=\"vlthemes_custom_69ea063e783a1   vlt-animation-block\" data-aos=\"fade\" data-aos-delay=\"100\"><div class=\"vlthemes_custom_69ea063e783e6   vlt-services vlt-services--start\"><div class=\"vlt-services__icon\" style=\"color:#f8e8e1;\"><i class=\"etl etl-clock\"><\/i><\/div><div class=\"vlt-services__content\"><p class=\"vlt-services__text\" style=\"color:;\">Montag bis Freitag von 10:00 \u2013 18:00 Uhr<\/p><\/div><\/div><\/div><div class=\"vlthemes_custom_69ea063e7843f   vlt-spacer\" style=\" --size-xlarge:40px;\"><\/div>[vc_column_text]<\/p>\n<div class=\"wpb_text_column wpb_content_element \">\n<div class=\"wpb_wrapper\">\n<p>Sollten Sie mich telefonisch einmal nicht gleich erreichen, hinterlassen Sie bitte eine Nachricht oder schreiben mir eine E-Mail. Gerne k\u00f6nnen Sie sich auch schon vorab im Bereich <a href=\"https:\/\/soos-translations.com\/de\/faq\/\">FAQ<\/a> \u00fcber die h\u00e4ufigsten Fragen in Bezug auf meine \u00dcbersetzungsdienstleistungen informieren.<\/p>\n<p>Hier finden Sie meine vollst\u00e4ndige <a href=\"https:\/\/soos-translations.com\/de\/privacy-policy\/\">Datenschutzerkl\u00e4rung<\/a>.<\/p>\n<\/div>\n<\/div>\n<p>[\/vc_column_text]<div class=\"vlthemes_custom_69ea063e7848e   vlt-spacer\" style=\" --size-large:60px;\"><\/div>[\/vc_column][vc_column width=&#8220;1\/12&#8243;][\/vc_column][vc_column width=&#8220;6\/12&#8243;]<div class=\"vlthemes_custom_69ea063e784ce   vlt-animation-block\" data-aos=\"fade\" data-aos-delay=\"100\"><div class=\"wpforms-container wpforms-container-full\" id=\"wpforms-3816\"><form id=\"wpforms-form-3816\" class=\"wpforms-validate wpforms-form\" data-formid=\"3816\" method=\"post\" enctype=\"multipart\/form-data\" action=\"\/de\/wp-json\/wp\/v2\/pages\/3599\" data-token=\"707b933aea3262bce3f25a29653f4843\" data-token-time=\"1776944702\"><noscript class=\"wpforms-error-noscript\">Bitte aktiviere JavaScript in deinem Browser, um dieses Formular fertigzustellen.<\/noscript><div class=\"wpforms-field-container\"><div id=\"wpforms-3816-field_0-container\" class=\"wpforms-field wpforms-field-name\" data-field-id=\"0\"><input type=\"text\" id=\"wpforms-3816-field_0\" class=\"wpforms-field-medium\" name=\"wpforms[fields][0]\" placeholder=\"Name\" ><\/div><div id=\"wpforms-3816-field_1-container\" class=\"wpforms-field wpforms-field-email\" data-field-id=\"1\"><input type=\"email\" id=\"wpforms-3816-field_1\" class=\"wpforms-field-medium wpforms-field-required\" name=\"wpforms[fields][1]\" placeholder=\"Ihre E-Mail\" spellcheck=\"false\" required><\/div><div id=\"wpforms-3816-field_4-container\" class=\"wpforms-field wpforms-field-text\" data-field-id=\"4\"><input type=\"text\" id=\"wpforms-3816-field_4\" class=\"wpforms-field-medium\" name=\"wpforms[fields][4]\" placeholder=\"Ihre Telefonnummer\" ><\/div><div id=\"wpforms-3816-field_2-container\" class=\"wpforms-field wpforms-field-textarea\" data-field-id=\"2\"><textarea id=\"wpforms-3816-field_2\" class=\"wpforms-field-medium wpforms-field-required\" name=\"wpforms[fields][2]\" placeholder=\"Ihre Nachricht\" required><\/textarea><\/div><div id=\"wpforms-3816-field_5-container\" class=\"wpforms-field wpforms-field-checkbox\" data-field-id=\"5\"><ul id=\"wpforms-3816-field_5\" class=\"wpforms-field-required\"><li class=\"choice-1 depth-1\"><input type=\"checkbox\" id=\"wpforms-3816-field_5_1\" name=\"wpforms[fields][5][]\" value=\"Ich stimme der Verarbeitung und Speicherung meiner Daten zu.\" required ><label class=\"wpforms-field-label-inline\" for=\"wpforms-3816-field_5_1\">Ich stimme der Verarbeitung und Speicherung meiner Daten zu.<\/label><\/li><\/ul><\/div><\/div><!-- .wpforms-field-container --><div class=\"wpforms-field wpforms-field-hp\"><label for=\"wpforms-3816-field-hp\" class=\"wpforms-field-label\">Name<\/label><input type=\"text\" name=\"wpforms[hp]\" id=\"wpforms-3816-field-hp\" class=\"wpforms-field-medium\"><\/div><div class=\"wpforms-submit-container\" ><input type=\"hidden\" name=\"wpforms[id]\" value=\"3816\"><input type=\"hidden\" name=\"page_title\" value=\"\"><input type=\"hidden\" name=\"page_url\" value=\"https:\/\/soos-translations.com\/de\/wp-json\/wp\/v2\/pages\/3599\"><input type=\"hidden\" name=\"url_referer\" value=\"\"><button type=\"submit\" name=\"wpforms[submit]\" id=\"wpforms-submit-3816\" class=\"wpforms-submit\" data-alt-text=\"Sending...\" data-submit-text=\"NACHRICHT SENDEN\" aria-live=\"assertive\" value=\"wpforms-submit\">NACHRICHT SENDEN<\/button><\/div><\/form><\/div>  <!-- .wpforms-container --><\/div>[vc_column_text]<\/p>\n<p class=\"small\">Diese Seite verwendet reCAPTCHA. Googles <a href=\"https:\/\/policies.google.com\/privacy\">Datenschutzvereinbarung<\/a> und <a href=\"https:\/\/policies.google.com\/terms\">Nutzungsbedingungen<\/a> gelten f\u00fcr diesen Dienst.<\/p>\n<p>[\/vc_column_text][\/vc_column][vc_column]<div class=\"vlthemes_custom_69ea063e862dc   vlt-spacer\" style=\" --size-xlarge:120px;\"><\/div>[\/vc_column][\/vc_row][\/vc_section][vc_row el_class=&#8220;div-visible&#8220;][vc_column][vc_icon icon_fontawesome=&#8220;fa fa-handshake-o&#8220; color=&#8220;white&#8220; size=&#8220;xs&#8220; align=&#8220;center&#8220; el_class=&#8220;div-visible&#8220;][\/vc_column][\/vc_row]<\/p>\n<\/div>","protected":false},"excerpt":{"rendered":"<p>[vc_section][vc_row full_width=&#8220;stretch_row_content_no_spaces&#8220;][vc_column][\/vc_column][\/vc_row][\/vc_section][vc_section][vc_row full_width=&#8220;stretch_row&#8220; vlt_shortcode_inside_row=&#8220;`{`vlt_particle image=&#8222;1241&#8222; size=&#8222;leedo-800&#215;600&#8222; y=&#8222;-100&#8222; x=&#8222;0&#8222; spin=&#8222;&#8222; style=&#8222;max-width: 250px; bottom: -65px; left: -30px;&#8222;`}`&#8220; vlt_overflow_hidden=&#8220;&#8220;][vc_column][\/vc_column][vc_column width=&#8220;5\/12&#8243; el_class=&#8220;contact&#8220;][vc_column_text] Sollten Sie mich telefonisch einmal nicht gleich erreichen, hinterlassen Sie bitte eine Nachricht oder schreiben mir eine E-Mail. Gerne k\u00f6nnen Sie sich auch schon vorab im Bereich FAQ \u00fcber die h\u00e4ufigsten Fragen in Bezug auf meine \u00dcbersetzungsdienstleistungen [&hellip;]<\/p>\n","protected":false},"author":1,"featured_media":0,"parent":0,"menu_order":47,"comment_status":"closed","ping_status":"closed","template":"template-custom-page.php","meta":{"_acf_changed":false,"_vp_format_video_url":"","_vp_image_focal_point":[],"footnotes":""},"class_list":["post-3599","page","type-page","status-publish","hentry"],"acf":[],"yoast_head":"<!-- This site is optimized with the Yoast SEO plugin v25.9 - https:\/\/yoast.com\/wordpress\/plugins\/seo\/ -->\n<title>Beauftragen Sie Ihre Urkunden\u00fcbersetzung \u2013 Englisch &amp; Spanisch ins Deutsche<\/title>\n<meta name=\"description\" content=\"Kontaktieren Sie mich entweder telefonisch oder per E-Mail um eine \u00dcbersetzung zu beauftragen. Auch bei anderen Fragen bin ich immer f\u00fcr Sie da!\" \/>\n<meta name=\"robots\" content=\"index, follow, max-snippet:-1, max-image-preview:large, max-video-preview:-1\" \/>\n<link rel=\"canonical\" href=\"https:\/\/soos-translations.com\/de\/kontakt\/\" \/>\n<meta property=\"og:locale\" content=\"de_DE\" \/>\n<meta property=\"og:type\" content=\"article\" \/>\n<meta property=\"og:title\" content=\"Beauftragen Sie Ihre Urkunden\u00fcbersetzung \u2013 Englisch &amp; Spanisch ins Deutsche\" \/>\n<meta property=\"og:description\" content=\"Kontaktieren Sie mich entweder telefonisch oder per E-Mail um eine \u00dcbersetzung zu beauftragen. Auch bei anderen Fragen bin ich immer f\u00fcr Sie da!\" \/>\n<meta property=\"og:url\" content=\"https:\/\/soos-translations.com\/de\/kontakt\/\" \/>\n<meta property=\"og:site_name\" content=\"Michaela Soos-Kalogeropoulos\" \/>\n<meta property=\"article:modified_time\" content=\"2024-02-16T09:42:04+00:00\" \/>\n<meta name=\"twitter:card\" content=\"summary_large_image\" \/>\n<meta name=\"twitter:label1\" content=\"Gesch\u00e4tzte Lesezeit\" \/>\n\t<meta name=\"twitter:data1\" content=\"2\u00a0Minuten\" \/>\n<script type=\"application\/ld+json\" class=\"yoast-schema-graph\">{\"@context\":\"https:\/\/schema.org\",\"@graph\":[{\"@type\":\"WebPage\",\"@id\":\"https:\/\/soos-translations.com\/de\/kontakt\/\",\"url\":\"https:\/\/soos-translations.com\/de\/kontakt\/\",\"name\":\"Beauftragen Sie Ihre Urkunden\u00fcbersetzung \u2013 Englisch & Spanisch ins Deutsche\",\"isPartOf\":{\"@id\":\"https:\/\/soos-translations.com\/de\/#website\"},\"datePublished\":\"2018-08-29T12:00:13+00:00\",\"dateModified\":\"2024-02-16T09:42:04+00:00\",\"description\":\"Kontaktieren Sie mich entweder telefonisch oder per E-Mail um eine \u00dcbersetzung zu beauftragen. Auch bei anderen Fragen bin ich immer f\u00fcr Sie da!\",\"breadcrumb\":{\"@id\":\"https:\/\/soos-translations.com\/de\/kontakt\/#breadcrumb\"},\"inLanguage\":\"de\",\"potentialAction\":[{\"@type\":\"ReadAction\",\"target\":[\"https:\/\/soos-translations.com\/de\/kontakt\/\"]}]},{\"@type\":\"BreadcrumbList\",\"@id\":\"https:\/\/soos-translations.com\/de\/kontakt\/#breadcrumb\",\"itemListElement\":[{\"@type\":\"ListItem\",\"position\":1,\"name\":\"Home\",\"item\":\"https:\/\/soos-translations.com\/de\/beglaubigte-uebersetzungen-stuttgart\/\"},{\"@type\":\"ListItem\",\"position\":2,\"name\":\"Kontakt\"}]},{\"@type\":\"WebSite\",\"@id\":\"https:\/\/soos-translations.com\/de\/#website\",\"url\":\"https:\/\/soos-translations.com\/de\/\",\"name\":\"Michaela Soos-Kalogeropoulos\",\"description\":\"Professional, sworn translations for all your legal needs\",\"potentialAction\":[{\"@type\":\"SearchAction\",\"target\":{\"@type\":\"EntryPoint\",\"urlTemplate\":\"https:\/\/soos-translations.com\/de\/?s={search_term_string}\"},\"query-input\":{\"@type\":\"PropertyValueSpecification\",\"valueRequired\":true,\"valueName\":\"search_term_string\"}}],\"inLanguage\":\"de\"}]}<\/script>\n<!-- \/ Yoast SEO plugin. -->","yoast_head_json":{"title":"Beauftragen Sie Ihre Urkunden\u00fcbersetzung \u2013 Englisch & Spanisch ins Deutsche","description":"Kontaktieren Sie mich entweder telefonisch oder per E-Mail um eine \u00dcbersetzung zu beauftragen. Auch bei anderen Fragen bin ich immer f\u00fcr Sie da!","robots":{"index":"index","follow":"follow","max-snippet":"max-snippet:-1","max-image-preview":"max-image-preview:large","max-video-preview":"max-video-preview:-1"},"canonical":"https:\/\/soos-translations.com\/de\/kontakt\/","og_locale":"de_DE","og_type":"article","og_title":"Beauftragen Sie Ihre Urkunden\u00fcbersetzung \u2013 Englisch & Spanisch ins Deutsche","og_description":"Kontaktieren Sie mich entweder telefonisch oder per E-Mail um eine \u00dcbersetzung zu beauftragen. Auch bei anderen Fragen bin ich immer f\u00fcr Sie da!","og_url":"https:\/\/soos-translations.com\/de\/kontakt\/","og_site_name":"Michaela Soos-Kalogeropoulos","article_modified_time":"2024-02-16T09:42:04+00:00","twitter_card":"summary_large_image","twitter_misc":{"Gesch\u00e4tzte Lesezeit":"2\u00a0Minuten"},"schema":{"@context":"https:\/\/schema.org","@graph":[{"@type":"WebPage","@id":"https:\/\/soos-translations.com\/de\/kontakt\/","url":"https:\/\/soos-translations.com\/de\/kontakt\/","name":"Beauftragen Sie Ihre Urkunden\u00fcbersetzung \u2013 Englisch & Spanisch ins Deutsche","isPartOf":{"@id":"https:\/\/soos-translations.com\/de\/#website"},"datePublished":"2018-08-29T12:00:13+00:00","dateModified":"2024-02-16T09:42:04+00:00","description":"Kontaktieren Sie mich entweder telefonisch oder per E-Mail um eine \u00dcbersetzung zu beauftragen. Auch bei anderen Fragen bin ich immer f\u00fcr Sie da!","breadcrumb":{"@id":"https:\/\/soos-translations.com\/de\/kontakt\/#breadcrumb"},"inLanguage":"de","potentialAction":[{"@type":"ReadAction","target":["https:\/\/soos-translations.com\/de\/kontakt\/"]}]},{"@type":"BreadcrumbList","@id":"https:\/\/soos-translations.com\/de\/kontakt\/#breadcrumb","itemListElement":[{"@type":"ListItem","position":1,"name":"Home","item":"https:\/\/soos-translations.com\/de\/beglaubigte-uebersetzungen-stuttgart\/"},{"@type":"ListItem","position":2,"name":"Kontakt"}]},{"@type":"WebSite","@id":"https:\/\/soos-translations.com\/de\/#website","url":"https:\/\/soos-translations.com\/de\/","name":"Michaela Soos-Kalogeropoulos","description":"Professional, sworn translations for all your legal needs","potentialAction":[{"@type":"SearchAction","target":{"@type":"EntryPoint","urlTemplate":"https:\/\/soos-translations.com\/de\/?s={search_term_string}"},"query-input":{"@type":"PropertyValueSpecification","valueRequired":true,"valueName":"search_term_string"}}],"inLanguage":"de"}]}},"_links":{"self":[{"href":"https:\/\/soos-translations.com\/de\/wp-json\/wp\/v2\/pages\/3599","targetHints":{"allow":["GET"]}}],"collection":[{"href":"https:\/\/soos-translations.com\/de\/wp-json\/wp\/v2\/pages"}],"about":[{"href":"https:\/\/soos-translations.com\/de\/wp-json\/wp\/v2\/types\/page"}],"author":[{"embeddable":true,"href":"https:\/\/soos-translations.com\/de\/wp-json\/wp\/v2\/users\/1"}],"replies":[{"embeddable":true,"href":"https:\/\/soos-translations.com\/de\/wp-json\/wp\/v2\/comments?post=3599"}],"version-history":[{"count":15,"href":"https:\/\/soos-translations.com\/de\/wp-json\/wp\/v2\/pages\/3599\/revisions"}],"predecessor-version":[{"id":3618,"href":"https:\/\/soos-translations.com\/de\/wp-json\/wp\/v2\/pages\/3599\/revisions\/3618"}],"wp:attachment":[{"href":"https:\/\/soos-translations.com\/de\/wp-json\/wp\/v2\/media?parent=3599"}],"curies":[{"name":"wp","href":"https:\/\/api.w.org\/{rel}","templated":true}]}}